{"id":802,"date":"2020-10-13T18:16:58","date_gmt":"2020-10-13T16:16:58","guid":{"rendered":"http:\/\/fcimmap.cluster030.hosting.ovh.net\/?post_type=product&#038;p=802"},"modified":"2023-12-12T13:45:53","modified_gmt":"2023-12-12T12:45:53","slug":"sacs-cadeaux-de-noel","status":"publish","type":"product","link":"https:\/\/www.cout-hur.com\/?product=sacs-cadeaux-de-noel","title":{"rendered":"Sacs cadeaux de No\u00ebl : Lot de 5"},"content":{"rendered":"<p>Ce lot de 5 sacs en tissu va vous permettre d&#8217;emballer joliment vos cadeaux de <a href=\"https:\/\/www.cout-hur.com\/?product_cat=noel\">no\u00ebl<\/a>. Fini le papier cadeau qui rempli les poubelles le lendemain de no\u00ebl, ces sacs sont r\u00e9utilisables ann\u00e9es apr\u00e8s ann\u00e9es !<\/p>\n<p>Vous trouverez aussi avec les sacs en tissu 5 rubans rouge, vert et blanc avec des motifs sur le th\u00e8me de no\u00ebl (les coloris sont al\u00e9atoires) et 5 \u00e9tiquettes en carton pour noter le nom du destinataire du pr\u00e9sent.<\/p>\n<p>Ils sont confectionn\u00e9s \u00e0 la main avec le plus grand soin.<\/p>\n","protected":false},"excerpt":{"rendered":"<p>Sacs cadeaux de No\u00ebl rouge et blanc motifs sapins et ronds dor\u00e9s argent, r\u00e9utilisables en tissu avec rubans.<\/p>\n","protected":false},"featured_media":4029,"comment_status":"open","ping_status":"closed","template":"","meta":[],"product_brand":[],"product_cat":[99,27],"product_tag":[143,160,159,142],"class_list":{"0":"post-802","1":"product","2":"type-product","3":"status-publish","4":"has-post-thumbnail","6":"product_cat-noel","7":"product_cat-sacs-cadeaux","8":"product_tag-coton","9":"product_tag-noel","10":"product_tag-sacs-cadeau","11":"product_tag-zero-dechet","13":"first","14":"instock","15":"shipping-taxable","16":"purchasable","17":"product-type-simple"},"jetpack_sharing_enabled":true,"_links":{"self":[{"href":"https:\/\/www.cout-hur.com\/index.php?rest_route=\/wp\/v2\/product\/802","targetHints":{"allow":["GET"]}}],"collection":[{"href":"https:\/\/www.cout-hur.com\/index.php?rest_route=\/wp\/v2\/product"}],"about":[{"href":"https:\/\/www.cout-hur.com\/index.php?rest_route=\/wp\/v2\/types\/product"}],"replies":[{"embeddable":true,"href":"https:\/\/www.cout-hur.com\/index.php?rest_route=%2Fwp%2Fv2%2Fcomments&post=802"}],"wp:featuredmedia":[{"embeddable":true,"href":"https:\/\/www.cout-hur.com\/index.php?rest_route=\/wp\/v2\/media\/4029"}],"wp:attachment":[{"href":"https:\/\/www.cout-hur.com\/index.php?rest_route=%2Fwp%2Fv2%2Fmedia&parent=802"}],"wp:term":[{"taxonomy":"product_brand","embeddable":true,"href":"https:\/\/www.cout-hur.com\/index.php?rest_route=%2Fwp%2Fv2%2Fproduct_brand&post=802"},{"taxonomy":"product_cat","embeddable":true,"href":"https:\/\/www.cout-hur.com\/index.php?rest_route=%2Fwp%2Fv2%2Fproduct_cat&post=802"},{"taxonomy":"product_tag","embeddable":true,"href":"https:\/\/www.cout-hur.com\/index.php?rest_route=%2Fwp%2Fv2%2Fproduct_tag&post=802"}],"curies":[{"name":"wp","href":"https:\/\/api.w.org\/{rel}","templated":true}]}}