{"id":774,"date":"2020-10-13T17:05:18","date_gmt":"2020-10-13T15:05:18","guid":{"rendered":"http:\/\/fcimmap.cluster030.hosting.ovh.net\/?post_type=product&#038;p=774"},"modified":"2025-09-25T19:55:52","modified_gmt":"2025-09-25T17:55:52","slug":"ronds-de-serviettes-de-noel-personnalisables","status":"publish","type":"product","link":"https:\/\/www.cout-hur.com\/?product=ronds-de-serviettes-de-noel-personnalisables","title":{"rendered":"Ronds de serviettes de No\u00ebl personnalisables"},"content":{"rendered":"<p>On se pr\u00e9pare pour les f\u00eates avec ces jolis petit ronds de serviettes de <a href=\"https:\/\/www.cout-hur.com\/?product_cat=noel\">No\u00ebl<\/a> en tissu coton pour identifier vos serviettes de table facilement.<\/p>\n<p>Faire un geste pour l&#8217;environnement oui mais avec style !<\/p>\n<p>Les ronds de serviette sont cousus \u00e0 la main. Ils sont personnalisables avec du flex thermocollant noir (pas de broderie). Il suffit de m&#8217;indiquer le texte que vous souhaitez sur chaque pi\u00e8ce.<\/p>\n<p>Ils se ferment avec un pression en plastique assortie.<\/p>\n<p>Pour une plus grande ou plus petite quantit\u00e9 n&#8217;h\u00e9sitez pas \u00e0 me contacter.<br \/>\nMerci d&#8217;indiquer les textes de personnalisation dans la rubrique &#8220;Notes de commande&#8221; lors de la validation de votre commande.<\/p>\n","protected":false},"excerpt":{"rendered":"<p>Ronds de serviettes de No\u00ebl personnalisables en tissu avec pression en plastique. Plusieurs motifs disponibles.<\/p>\n","protected":false},"featured_media":779,"comment_status":"open","ping_status":"closed","template":"","meta":[],"product_brand":[],"product_cat":[99,21],"product_tag":[143,57,160,162,142],"class_list":{"0":"post-774","1":"product","2":"type-product","3":"status-publish","4":"has-post-thumbnail","6":"product_cat-noel","7":"product_cat-ronds-de-serviette","8":"product_tag-coton","9":"product_tag-cuisine","10":"product_tag-noel","11":"product_tag-personnalisable","12":"product_tag-zero-dechet","13":"wcpa_has_options","15":"first","16":"instock","17":"featured","18":"shipping-taxable","19":"purchasable","20":"product-type-variable"},"jetpack_sharing_enabled":true,"_links":{"self":[{"href":"https:\/\/www.cout-hur.com\/index.php?rest_route=\/wp\/v2\/product\/774","targetHints":{"allow":["GET"]}}],"collection":[{"href":"https:\/\/www.cout-hur.com\/index.php?rest_route=\/wp\/v2\/product"}],"about":[{"href":"https:\/\/www.cout-hur.com\/index.php?rest_route=\/wp\/v2\/types\/product"}],"replies":[{"embeddable":true,"href":"https:\/\/www.cout-hur.com\/index.php?rest_route=%2Fwp%2Fv2%2Fcomments&post=774"}],"wp:featuredmedia":[{"embeddable":true,"href":"https:\/\/www.cout-hur.com\/index.php?rest_route=\/wp\/v2\/media\/779"}],"wp:attachment":[{"href":"https:\/\/www.cout-hur.com\/index.php?rest_route=%2Fwp%2Fv2%2Fmedia&parent=774"}],"wp:term":[{"taxonomy":"product_brand","embeddable":true,"href":"https:\/\/www.cout-hur.com\/index.php?rest_route=%2Fwp%2Fv2%2Fproduct_brand&post=774"},{"taxonomy":"product_cat","embeddable":true,"href":"https:\/\/www.cout-hur.com\/index.php?rest_route=%2Fwp%2Fv2%2Fproduct_cat&post=774"},{"taxonomy":"product_tag","embeddable":true,"href":"https:\/\/www.cout-hur.com\/index.php?rest_route=%2Fwp%2Fv2%2Fproduct_tag&post=774"}],"curies":[{"name":"wp","href":"https:\/\/api.w.org\/{rel}","templated":true}]}}