{"id":4405,"date":"2025-04-05T16:22:49","date_gmt":"2025-04-05T14:22:49","guid":{"rendered":"https:\/\/www.cout-hur.com\/?post_type=product&#038;p=4405"},"modified":"2025-04-05T17:34:48","modified_gmt":"2025-04-05T15:34:48","slug":"pochette-a-livre-de-poche-motifs-montagnes","status":"publish","type":"product","link":"https:\/\/www.cout-hur.com\/?product=pochette-a-livre-de-poche-motifs-montagnes","title":{"rendered":"Pochette \u00e0 livre de poche motifs montagnes"},"content":{"rendered":"<p>Vous cherchez une pochette pour transporter vos livres sans les ab\u00eemer ?<\/p>\n<p>Cette jolie pochette est parfaite pour vous !<\/p>\n<p>Elle mesure 23 cm de hauteur pour 17 cm de largeur maximale. Elle peut donc s&#8217;adapter \u00e0 presque tous les livres de poche, de 200 \u00e0 700 pages environ.<\/p>\n<p>Un \u00e9lastique est l\u00e0 pour fermer la pochette et garder votre livre \u00e0 l&#8217;abri pendant vos d\u00e9placements.<\/p>\n","protected":false},"excerpt":{"rendered":"<p>Vous cherchez une pochette pour transporter vos livres sans les ab\u00eemer ? Cette jolie pochette est parfaite pour vous ! Elle mesure 23 cm de hauteur pour 17 cm de largeur maximale. Elle peut donc s&#8217;adapter \u00e0 presque tous les livres de poche, de 200 \u00e0 700 pages environ. Un \u00e9lastique est l\u00e0 pour fermer [&hellip;]<\/p>\n","protected":false},"featured_media":4436,"comment_status":"open","ping_status":"closed","template":"","meta":[],"product_brand":[],"product_cat":[185],"product_tag":[],"class_list":{"0":"post-4405","1":"product","2":"type-product","3":"status-publish","4":"has-post-thumbnail","6":"product_cat-pochette-livre","8":"first","9":"instock","10":"purchasable","11":"product-type-variable"},"jetpack_sharing_enabled":true,"_links":{"self":[{"href":"https:\/\/www.cout-hur.com\/index.php?rest_route=\/wp\/v2\/product\/4405","targetHints":{"allow":["GET"]}}],"collection":[{"href":"https:\/\/www.cout-hur.com\/index.php?rest_route=\/wp\/v2\/product"}],"about":[{"href":"https:\/\/www.cout-hur.com\/index.php?rest_route=\/wp\/v2\/types\/product"}],"replies":[{"embeddable":true,"href":"https:\/\/www.cout-hur.com\/index.php?rest_route=%2Fwp%2Fv2%2Fcomments&post=4405"}],"wp:featuredmedia":[{"embeddable":true,"href":"https:\/\/www.cout-hur.com\/index.php?rest_route=\/wp\/v2\/media\/4436"}],"wp:attachment":[{"href":"https:\/\/www.cout-hur.com\/index.php?rest_route=%2Fwp%2Fv2%2Fmedia&parent=4405"}],"wp:term":[{"taxonomy":"product_brand","embeddable":true,"href":"https:\/\/www.cout-hur.com\/index.php?rest_route=%2Fwp%2Fv2%2Fproduct_brand&post=4405"},{"taxonomy":"product_cat","embeddable":true,"href":"https:\/\/www.cout-hur.com\/index.php?rest_route=%2Fwp%2Fv2%2Fproduct_cat&post=4405"},{"taxonomy":"product_tag","embeddable":true,"href":"https:\/\/www.cout-hur.com\/index.php?rest_route=%2Fwp%2Fv2%2Fproduct_tag&post=4405"}],"curies":[{"name":"wp","href":"https:\/\/api.w.org\/{rel}","templated":true}]}}