{"id":4310,"date":"2024-07-18T17:35:49","date_gmt":"2024-07-18T15:35:49","guid":{"rendered":"https:\/\/www.cout-hur.com\/?post_type=product&#038;p=4310"},"modified":"2024-11-26T14:14:59","modified_gmt":"2024-11-26T13:14:59","slug":"pochette-impermeable-doublee-pour-brosse-a-dents","status":"publish","type":"product","link":"https:\/\/www.cout-hur.com\/?product=pochette-impermeable-doublee-pour-brosse-a-dents","title":{"rendered":"pochette imperm\u00e9able doubl\u00e9e pour brosse \u00e0 dents"},"content":{"rendered":"<p>Cette jolie pochette en coton imperm\u00e9able vous permettra de transporter votre brosse a sans risque d&#8217;en mettre partout. Un indispensable pour vos weekends ou vos vacances !<\/p>\n<p>Elle se ferme gr\u00e2ce \u00e0 un bouton pression.<\/p>\n<p>Pour l&#8217;entretien un simple coup d&#8217;\u00e9ponge humide et un petit rin\u00e7age \u00e0 l&#8217;eau claire devraient suffire.<\/p>\n<p>Elle mesure environ 13 X 15cm.<\/p>\n","protected":false},"excerpt":{"rendered":"<p>Cette jolie pochette en coton imperm\u00e9able vous permettra de transporter votre brosse a sans risque d&#8217;en mettre partout. Un indispensable pour vos weekends ou vos vacances ! Elle se ferme gr\u00e2ce \u00e0 un bouton pression. Pour l&#8217;entretien un simple coup d&#8217;\u00e9ponge humide et un petit rin\u00e7age \u00e0 l&#8217;eau claire devraient suffire. Elle mesure environ 13 [&hellip;]<\/p>\n","protected":false},"featured_media":4309,"comment_status":"open","ping_status":"closed","template":"","meta":[],"product_brand":[],"product_cat":[29],"product_tag":[],"class_list":{"0":"post-4310","1":"product","2":"type-product","3":"status-publish","4":"has-post-thumbnail","6":"product_cat-pochettes-impermeables","8":"first","9":"instock","10":"shipping-taxable","11":"purchasable","12":"product-type-variable"},"jetpack_sharing_enabled":true,"_links":{"self":[{"href":"https:\/\/www.cout-hur.com\/index.php?rest_route=\/wp\/v2\/product\/4310","targetHints":{"allow":["GET"]}}],"collection":[{"href":"https:\/\/www.cout-hur.com\/index.php?rest_route=\/wp\/v2\/product"}],"about":[{"href":"https:\/\/www.cout-hur.com\/index.php?rest_route=\/wp\/v2\/types\/product"}],"replies":[{"embeddable":true,"href":"https:\/\/www.cout-hur.com\/index.php?rest_route=%2Fwp%2Fv2%2Fcomments&post=4310"}],"wp:featuredmedia":[{"embeddable":true,"href":"https:\/\/www.cout-hur.com\/index.php?rest_route=\/wp\/v2\/media\/4309"}],"wp:attachment":[{"href":"https:\/\/www.cout-hur.com\/index.php?rest_route=%2Fwp%2Fv2%2Fmedia&parent=4310"}],"wp:term":[{"taxonomy":"product_brand","embeddable":true,"href":"https:\/\/www.cout-hur.com\/index.php?rest_route=%2Fwp%2Fv2%2Fproduct_brand&post=4310"},{"taxonomy":"product_cat","embeddable":true,"href":"https:\/\/www.cout-hur.com\/index.php?rest_route=%2Fwp%2Fv2%2Fproduct_cat&post=4310"},{"taxonomy":"product_tag","embeddable":true,"href":"https:\/\/www.cout-hur.com\/index.php?rest_route=%2Fwp%2Fv2%2Fproduct_tag&post=4310"}],"curies":[{"name":"wp","href":"https:\/\/api.w.org\/{rel}","templated":true}]}}