{"id":4088,"date":"2024-02-15T17:30:34","date_gmt":"2024-02-15T16:30:34","guid":{"rendered":"https:\/\/www.cout-hur.com\/?post_type=product&#038;p=4088"},"modified":"2024-03-27T12:59:16","modified_gmt":"2024-03-27T11:59:16","slug":"boucles-doreilles-pendantes-en-acier-inoxydable-dore-et-tissu-2-2","status":"publish","type":"product","link":"https:\/\/www.cout-hur.com\/?product=boucles-doreilles-pendantes-en-acier-inoxydable-dore-et-tissu-2-2","title":{"rendered":"Boucles d&#8217;oreilles pendantes en acier inoxydable et tissu"},"content":{"rendered":"<p>De jolies boucles d&#8217;oreilles confectionn\u00e9es avec soin.<\/p>\n<p>Elles sont compos\u00e9es d&#8217;un cabochon en tissu et sont en acier inoxydable, ce qui limite les risques d&#8217;allergie.<\/p>\n<p>Elles sont tr\u00e8s l\u00e9g\u00e8res donc tr\u00e8s agr\u00e9ables \u00e0 porter.<\/p>\n<p>Elles mesurent 5,2cm de long et le cabochon en tissu fait environ 13mm de diam\u00e8tre.<\/p>\n","protected":false},"excerpt":{"rendered":"<p>De jolies boucles d&#8217;oreilles confectionn\u00e9es avec soin. Elles sont compos\u00e9es d&#8217;un cabochon en tissu et sont en acier inoxydable, ce qui limite les risques d&#8217;allergie. Elles sont tr\u00e8s l\u00e9g\u00e8res donc tr\u00e8s agr\u00e9ables \u00e0 porter. Elles mesurent 5,2cm de long et le cabochon en tissu fait environ 13mm de diam\u00e8tre.<\/p>\n","protected":false},"featured_media":4093,"comment_status":"open","ping_status":"closed","template":"","meta":[],"product_brand":[],"product_cat":[183],"product_tag":[],"class_list":{"0":"post-4088","1":"product","2":"type-product","3":"status-publish","4":"has-post-thumbnail","6":"product_cat-boucles-doreilles","8":"first","9":"instock","10":"shipping-taxable","11":"purchasable","12":"product-type-simple"},"jetpack_sharing_enabled":true,"_links":{"self":[{"href":"https:\/\/www.cout-hur.com\/index.php?rest_route=\/wp\/v2\/product\/4088","targetHints":{"allow":["GET"]}}],"collection":[{"href":"https:\/\/www.cout-hur.com\/index.php?rest_route=\/wp\/v2\/product"}],"about":[{"href":"https:\/\/www.cout-hur.com\/index.php?rest_route=\/wp\/v2\/types\/product"}],"replies":[{"embeddable":true,"href":"https:\/\/www.cout-hur.com\/index.php?rest_route=%2Fwp%2Fv2%2Fcomments&post=4088"}],"wp:featuredmedia":[{"embeddable":true,"href":"https:\/\/www.cout-hur.com\/index.php?rest_route=\/wp\/v2\/media\/4093"}],"wp:attachment":[{"href":"https:\/\/www.cout-hur.com\/index.php?rest_route=%2Fwp%2Fv2%2Fmedia&parent=4088"}],"wp:term":[{"taxonomy":"product_brand","embeddable":true,"href":"https:\/\/www.cout-hur.com\/index.php?rest_route=%2Fwp%2Fv2%2Fproduct_brand&post=4088"},{"taxonomy":"product_cat","embeddable":true,"href":"https:\/\/www.cout-hur.com\/index.php?rest_route=%2Fwp%2Fv2%2Fproduct_cat&post=4088"},{"taxonomy":"product_tag","embeddable":true,"href":"https:\/\/www.cout-hur.com\/index.php?rest_route=%2Fwp%2Fv2%2Fproduct_tag&post=4088"}],"curies":[{"name":"wp","href":"https:\/\/api.w.org\/{rel}","templated":true}]}}