{"id":3935,"date":"2023-10-15T11:56:26","date_gmt":"2023-10-15T09:56:26","guid":{"rendered":"https:\/\/www.cout-hur.com\/?post_type=product&#038;p=3935"},"modified":"2023-10-15T12:01:36","modified_gmt":"2023-10-15T10:01:36","slug":"serviette-de-table-en-tissu","status":"publish","type":"product","link":"https:\/\/www.cout-hur.com\/?product=serviette-de-table-en-tissu","title":{"rendered":"serviette de table en tissu"},"content":{"rendered":"<p>De jolies serviettes de table \u00e0 utiliser tous les jours ou pour de plus grandes occasions.<\/p>\n<p>Elles sont en coton, cousues main avec soin.<\/p>\n<p>Vous pouvez composer votre propre lot, ne prendre qu&#8217;une couleur identique ou en profiter pour choisir plusieurs coloris diff\u00e9rents pour que chacun ai sa serviette reconnaissable facilement.<\/p>\n<p>Il est possible de constater un l\u00e9ger r\u00e9tr\u00e9cissement apr\u00e8s le premier lavage. Le tissu peut para\u00eetre un peu r\u00eache au premier abord, mais pas d&#8217;inqui\u00e9tude le coton s&#8217;adoucit avec les lavages.<\/p>\n<p>Elles mesurent environ 40cm X 40cm.<\/p>\n","protected":false},"excerpt":{"rendered":"<p>De jolies serviettes de table \u00e0 utiliser tous les jours ou pour de plus grandes occasions. Elles sont en coton, cousues main avec soin. Vous pouvez composer votre propre lot, ne prendre qu&#8217;une couleur identique ou en profiter pour choisir plusieurs coloris diff\u00e9rents pour que chacun ai sa serviette reconnaissable facilement. Il est possible de [&hellip;]<\/p>\n","protected":false},"featured_media":3933,"comment_status":"open","ping_status":"closed","template":"","meta":[],"product_brand":[],"product_cat":[85,35],"product_tag":[],"class_list":{"0":"post-3935","1":"product","2":"type-product","3":"status-publish","4":"has-post-thumbnail","6":"product_cat-accessoires","7":"product_cat-zero-dechet","9":"first","10":"instock","11":"shipping-taxable","12":"purchasable","13":"product-type-variable"},"jetpack_sharing_enabled":true,"_links":{"self":[{"href":"https:\/\/www.cout-hur.com\/index.php?rest_route=\/wp\/v2\/product\/3935","targetHints":{"allow":["GET"]}}],"collection":[{"href":"https:\/\/www.cout-hur.com\/index.php?rest_route=\/wp\/v2\/product"}],"about":[{"href":"https:\/\/www.cout-hur.com\/index.php?rest_route=\/wp\/v2\/types\/product"}],"replies":[{"embeddable":true,"href":"https:\/\/www.cout-hur.com\/index.php?rest_route=%2Fwp%2Fv2%2Fcomments&post=3935"}],"wp:featuredmedia":[{"embeddable":true,"href":"https:\/\/www.cout-hur.com\/index.php?rest_route=\/wp\/v2\/media\/3933"}],"wp:attachment":[{"href":"https:\/\/www.cout-hur.com\/index.php?rest_route=%2Fwp%2Fv2%2Fmedia&parent=3935"}],"wp:term":[{"taxonomy":"product_brand","embeddable":true,"href":"https:\/\/www.cout-hur.com\/index.php?rest_route=%2Fwp%2Fv2%2Fproduct_brand&post=3935"},{"taxonomy":"product_cat","embeddable":true,"href":"https:\/\/www.cout-hur.com\/index.php?rest_route=%2Fwp%2Fv2%2Fproduct_cat&post=3935"},{"taxonomy":"product_tag","embeddable":true,"href":"https:\/\/www.cout-hur.com\/index.php?rest_route=%2Fwp%2Fv2%2Fproduct_tag&post=3935"}],"curies":[{"name":"wp","href":"https:\/\/api.w.org\/{rel}","templated":true}]}}