{"id":3871,"date":"2023-09-20T18:11:31","date_gmt":"2023-09-20T16:11:31","guid":{"rendered":"https:\/\/www.cout-hur.com\/?post_type=product&#038;p=3871"},"modified":"2026-01-04T22:16:47","modified_gmt":"2026-01-04T21:16:47","slug":"sac-a-pain-sac-a-baguette","status":"publish","type":"product","link":"https:\/\/www.cout-hur.com\/?product=sac-a-pain-sac-a-baguette","title":{"rendered":"sac \u00e0 pain, sac \u00e0 baguette"},"content":{"rendered":"<p>Un joli sac \u00e0 pain pouvant contenir plusieurs baguettes. Les prochains achats \u00e0 la boulangerie seront plus pratiques et tellement plus styl\u00e9s gr\u00e2ce aux motifs modernes et aux belles couleurs des ces sacs.<\/p>\n<p>Ce sac permet de transporter et de converser le pain.<\/p>\n<p>Faire un geste pour l&#8217;environnement oui mais avec style !<\/p>\n<p>Le sac mesure environ 21.5 X 60 cm. Il se ferme gr\u00e2ce \u00e0 un cordon et un stop-cordon. Il est en coton certifi\u00e9 Oeko-Tex (les encres utilis\u00e9es pour teindre le tissu ne sont pas nocives pour la sant\u00e9)<\/p>\n<p>Il est lavable en machine \u00e0 30 degr\u00e9s. Il est possible de constater un l\u00e9ger r\u00e9tr\u00e9cissement apr\u00e8s le premier lavage.<\/p>\n<p>Le tissu peut para\u00eetre un peu r\u00eache au premier abord car il est neuf, ne vous inqui\u00e9tez pas, il va s&#8217;adoucir au fil des lavages.<\/p>\n<p>couthur<\/p>\n<p>www.cout-hur.com<\/p>\n","protected":false},"excerpt":{"rendered":"<p>sac \u00e0 pain, sac \u00e0 baguette<\/p>\n","protected":false},"featured_media":3878,"comment_status":"open","ping_status":"closed","template":"","meta":[],"product_brand":[],"product_cat":[34],"product_tag":[],"class_list":{"0":"post-3871","1":"product","2":"type-product","3":"status-publish","4":"has-post-thumbnail","6":"product_cat-sacs-a-vrac-et-a-pain","8":"first","9":"instock","10":"shipping-taxable","11":"purchasable","12":"product-type-variable"},"jetpack_sharing_enabled":true,"_links":{"self":[{"href":"https:\/\/www.cout-hur.com\/index.php?rest_route=\/wp\/v2\/product\/3871","targetHints":{"allow":["GET"]}}],"collection":[{"href":"https:\/\/www.cout-hur.com\/index.php?rest_route=\/wp\/v2\/product"}],"about":[{"href":"https:\/\/www.cout-hur.com\/index.php?rest_route=\/wp\/v2\/types\/product"}],"replies":[{"embeddable":true,"href":"https:\/\/www.cout-hur.com\/index.php?rest_route=%2Fwp%2Fv2%2Fcomments&post=3871"}],"wp:featuredmedia":[{"embeddable":true,"href":"https:\/\/www.cout-hur.com\/index.php?rest_route=\/wp\/v2\/media\/3878"}],"wp:attachment":[{"href":"https:\/\/www.cout-hur.com\/index.php?rest_route=%2Fwp%2Fv2%2Fmedia&parent=3871"}],"wp:term":[{"taxonomy":"product_brand","embeddable":true,"href":"https:\/\/www.cout-hur.com\/index.php?rest_route=%2Fwp%2Fv2%2Fproduct_brand&post=3871"},{"taxonomy":"product_cat","embeddable":true,"href":"https:\/\/www.cout-hur.com\/index.php?rest_route=%2Fwp%2Fv2%2Fproduct_cat&post=3871"},{"taxonomy":"product_tag","embeddable":true,"href":"https:\/\/www.cout-hur.com\/index.php?rest_route=%2Fwp%2Fv2%2Fproduct_tag&post=3871"}],"curies":[{"name":"wp","href":"https:\/\/api.w.org\/{rel}","templated":true}]}}