{"id":3776,"date":"2023-04-04T13:21:27","date_gmt":"2023-04-04T11:21:27","guid":{"rendered":"https:\/\/www.cout-hur.com\/?post_type=product&#038;p=3776"},"modified":"2026-03-27T17:08:27","modified_gmt":"2026-03-27T16:08:27","slug":"lingettes-demaquillantes-bambou-lot-de-5-3","status":"publish","type":"product","link":"https:\/\/www.cout-hur.com\/?product=lingettes-demaquillantes-bambou-lot-de-5-3","title":{"rendered":"Lingettes d\u00e9maquillantes bambou : lot de 5"},"content":{"rendered":"<p><a href=\"https:\/\/www.cout-hur.com\/?product_cat=lingettes-lavables\">Lingettes d\u00e9maquillantes<\/a> bambou.<\/p>\n<p>5 lingettes en coton \u00e0 motifs d&#8217;un cot\u00e9 et tissu \u00e9ponge de bambou toute douce de l&#8217;autre. Tous les tissus sont certifi\u00e9s <a href=\"https:\/\/www.oeko-tex.com\/en\/our-standards\/standard-100-by-oeko-tex\" target=\"_blank\" rel=\"noopener\">Oeko-Tex 100.<\/a><\/p>\n<p>Le tout est cousu main, avec soin. Elles sont \u00e9cologiques et \u00e9conomiques : plus besoin de coton ! Elles peuvent \u00eatre utilis\u00e9es pour le d\u00e9maquillage, pour la toilette de b\u00e9b\u00e9&#8230;<\/p>\n<p>Un petit geste vers le z\u00e9ro d\u00e9chet, mais sans perdre de vue le c\u00f4t\u00e9 esth\u00e9tique !<\/p>\n<p>Elles s&#8217;adouciront au fil des lavages. Il est possible de constater un l\u00e9ger r\u00e9tr\u00e9cissement apr\u00e8s le premier lavage.<\/p>\n","protected":false},"excerpt":{"rendered":"<p>Lingettes d\u00e9maquillantes en coton et \u00e9ponge de bambou<\/p>\n","protected":false},"featured_media":4499,"comment_status":"open","ping_status":"closed","template":"","meta":[],"product_brand":[],"product_cat":[17],"product_tag":[146,143,157,156,158,142],"class_list":{"0":"post-3776","1":"product","2":"type-product","3":"status-publish","4":"has-post-thumbnail","6":"product_cat-lingettes-lavables","7":"product_tag-bambou","8":"product_tag-coton","9":"product_tag-demaquillant","10":"product_tag-lingettes","11":"product_tag-oeko-tex","12":"product_tag-zero-dechet","14":"first","15":"instock","16":"shipping-taxable","17":"purchasable","18":"product-type-variable"},"jetpack_sharing_enabled":true,"_links":{"self":[{"href":"https:\/\/www.cout-hur.com\/index.php?rest_route=\/wp\/v2\/product\/3776","targetHints":{"allow":["GET"]}}],"collection":[{"href":"https:\/\/www.cout-hur.com\/index.php?rest_route=\/wp\/v2\/product"}],"about":[{"href":"https:\/\/www.cout-hur.com\/index.php?rest_route=\/wp\/v2\/types\/product"}],"replies":[{"embeddable":true,"href":"https:\/\/www.cout-hur.com\/index.php?rest_route=%2Fwp%2Fv2%2Fcomments&post=3776"}],"wp:featuredmedia":[{"embeddable":true,"href":"https:\/\/www.cout-hur.com\/index.php?rest_route=\/wp\/v2\/media\/4499"}],"wp:attachment":[{"href":"https:\/\/www.cout-hur.com\/index.php?rest_route=%2Fwp%2Fv2%2Fmedia&parent=3776"}],"wp:term":[{"taxonomy":"product_brand","embeddable":true,"href":"https:\/\/www.cout-hur.com\/index.php?rest_route=%2Fwp%2Fv2%2Fproduct_brand&post=3776"},{"taxonomy":"product_cat","embeddable":true,"href":"https:\/\/www.cout-hur.com\/index.php?rest_route=%2Fwp%2Fv2%2Fproduct_cat&post=3776"},{"taxonomy":"product_tag","embeddable":true,"href":"https:\/\/www.cout-hur.com\/index.php?rest_route=%2Fwp%2Fv2%2Fproduct_tag&post=3776"}],"curies":[{"name":"wp","href":"https:\/\/api.w.org\/{rel}","templated":true}]}}