{"id":3554,"date":"2023-02-16T08:57:45","date_gmt":"2023-02-16T07:57:45","guid":{"rendered":"https:\/\/www.cout-hur.com\/?post_type=product&#038;p=3554"},"modified":"2023-02-16T09:23:31","modified_gmt":"2023-02-16T08:23:31","slug":"sarouel-bebe-0-24mois","status":"publish","type":"product","link":"https:\/\/www.cout-hur.com\/?product=sarouel-bebe-0-24mois","title":{"rendered":"Sarouel b\u00e9b\u00e9 0 &#8211; 24mois F\u00e9es"},"content":{"rendered":"<p>Un joli petit sarouel pour b\u00e9b\u00e9 et enfant de la naissance \u00e0 24 mois.<\/p>\n<p>Le v\u00eatement parfait pour tous les b\u00e9b\u00e9s ! Il est dit \u00e9volutif car il peut s&#8217;allonger ou se r\u00e9tr\u00e9cir gr\u00e2ce aux bandes unies \u00e9lastiqu\u00e9es (en bord-c\u00f4tes) \u00e0 la taille et aux chevilles. Vous pourrez sans probl\u00e8me gagner de pr\u00e9cieux centim\u00e8tres pour garder b\u00e9b\u00e9 au chaud ou juste le prot\u00e9ger des rayons du soleil ou du vent lors des balades en \u00e9charpes ou porte b\u00e9b\u00e9.<\/p>\n<p>Il s&#8217;adapte aussi bien aux couches jetables, qu&#8217;aux couches lavables. Un body, un sarouel et voil\u00e0 une jolie tenue pour partir en promenade cet \u00e9t\u00e9 ! Pour d\u00e9couvrir le 4 pattes, le &#8220;roul\u00e9 boul\u00e9 sur le c\u00f4t\u00e9&#8221; ou la marche, le sarouel assure confort et libert\u00e9 de mouvements \u00e0 tous les enfants.<\/p>\n<p>Les motifs &#8220;f\u00e9es&#8221; sont d\u00e9licats et le bord-c\u00f4tes bordeaux assorti en font un magnifique cadeau de naissance ou d&#8217;anniversaire qui plaira autant \u00e0 l&#8217;enfant qu&#8217;\u00e0 ses parents. Le tissu est certifi\u00e9 Oeko-tex, les substances contenues dedans ne sont pas nocives pour la sant\u00e9.<\/p>\n<p>Les tailles sont donn\u00e9es \u00e0 titre indicatif. Merci de prendre en compte la morphologie de l&#8217;enfant avant d&#8217;arr\u00eater votre choix sur une taille. Si vous rencontrez un probl\u00e8me pour vous d\u00e9cider sur une taille n&#8217;h\u00e9sitez pas \u00e0 me contacter !<\/p>\n","protected":false},"excerpt":{"rendered":"<p>f\u00e9es<\/p>\n","protected":false},"featured_media":3561,"comment_status":"open","ping_status":"closed","template":"","meta":[],"product_brand":[],"product_cat":[175],"product_tag":[139,158,178],"class_list":{"0":"post-3554","1":"product","2":"type-product","3":"status-publish","4":"has-post-thumbnail","6":"product_cat-sarouel","7":"product_tag-bebe","8":"product_tag-oeko-tex","9":"product_tag-sarouel","11":"first","12":"instock","13":"shipping-taxable","14":"purchasable","15":"product-type-variable"},"jetpack_sharing_enabled":true,"_links":{"self":[{"href":"https:\/\/www.cout-hur.com\/index.php?rest_route=\/wp\/v2\/product\/3554","targetHints":{"allow":["GET"]}}],"collection":[{"href":"https:\/\/www.cout-hur.com\/index.php?rest_route=\/wp\/v2\/product"}],"about":[{"href":"https:\/\/www.cout-hur.com\/index.php?rest_route=\/wp\/v2\/types\/product"}],"replies":[{"embeddable":true,"href":"https:\/\/www.cout-hur.com\/index.php?rest_route=%2Fwp%2Fv2%2Fcomments&post=3554"}],"wp:featuredmedia":[{"embeddable":true,"href":"https:\/\/www.cout-hur.com\/index.php?rest_route=\/wp\/v2\/media\/3561"}],"wp:attachment":[{"href":"https:\/\/www.cout-hur.com\/index.php?rest_route=%2Fwp%2Fv2%2Fmedia&parent=3554"}],"wp:term":[{"taxonomy":"product_brand","embeddable":true,"href":"https:\/\/www.cout-hur.com\/index.php?rest_route=%2Fwp%2Fv2%2Fproduct_brand&post=3554"},{"taxonomy":"product_cat","embeddable":true,"href":"https:\/\/www.cout-hur.com\/index.php?rest_route=%2Fwp%2Fv2%2Fproduct_cat&post=3554"},{"taxonomy":"product_tag","embeddable":true,"href":"https:\/\/www.cout-hur.com\/index.php?rest_route=%2Fwp%2Fv2%2Fproduct_tag&post=3554"}],"curies":[{"name":"wp","href":"https:\/\/api.w.org\/{rel}","templated":true}]}}