{"id":3090,"date":"2021-06-10T21:36:50","date_gmt":"2021-06-10T19:36:50","guid":{"rendered":"https:\/\/www.cout-hur.com\/?post_type=product&#038;p=3090"},"modified":"2024-11-26T14:32:02","modified_gmt":"2024-11-26T13:32:02","slug":"sac-a-tarte-gateau-cake-6","status":"publish","type":"product","link":"https:\/\/www.cout-hur.com\/?product=sac-a-tarte-gateau-cake-6","title":{"rendered":"Sac \u00e0 tarte, g\u00e2teau, cake&#8230;"},"content":{"rendered":"<p><a href=\"https:\/\/www.cout-hur.com\/?product_cat=sacs-a-tarte\">Sac \u00e0 tarte<\/a> g\u00e2teau cake.<\/p>\n<p>&#8220;j&#8217;am\u00e8ne le dessert !&#8221; c&#8217;est super, mais c&#8217;est toujours compliqu\u00e9 \u00e0 transporter&#8230;. la solution est ici !<\/p>\n<p>Voil\u00e0 un joli sac pour le transport de tartes, g\u00e2teaux, galettes, cakes, quiches&#8230;<\/p>\n<p>Sa taille permet de l&#8217;utiliser avec de grands plats. Il n&#8217;y a pas de sangle qui passe au milieu et qui vous g\u00eane lorsque vous posez votre plat. Il suffit de passer les 3 petits passants dans la plus grande sangle et Hop ! vous \u00eates pr\u00eats \u00e0 partir !<\/p>\n<p>Il est en coton \u00e9pais, tripl\u00e9 pour une meilleure isolation (si, comme moi, vous partez souvent avec votre g\u00e2teau encore chaud !) et enti\u00e8rement r\u00e9versible.<\/p>\n","protected":false},"excerpt":{"rendered":"<p>Sac \u00e0 tarte, g\u00e2teau, cake en coton triple \u00e9paisseur<\/p>\n","protected":false},"featured_media":3508,"comment_status":"open","ping_status":"closed","template":"","meta":[],"product_brand":[],"product_cat":[28],"product_tag":[143,57,152,149,150,142],"class_list":{"0":"post-3090","1":"product","2":"type-product","3":"status-publish","4":"has-post-thumbnail","6":"product_cat-sacs-a-tarte","7":"product_tag-coton","8":"product_tag-cuisine","9":"product_tag-gateau","10":"product_tag-sac","11":"product_tag-tarte","12":"product_tag-zero-dechet","14":"first","15":"instock","16":"shipping-taxable","17":"purchasable","18":"product-type-variable"},"jetpack_sharing_enabled":true,"_links":{"self":[{"href":"https:\/\/www.cout-hur.com\/index.php?rest_route=\/wp\/v2\/product\/3090","targetHints":{"allow":["GET"]}}],"collection":[{"href":"https:\/\/www.cout-hur.com\/index.php?rest_route=\/wp\/v2\/product"}],"about":[{"href":"https:\/\/www.cout-hur.com\/index.php?rest_route=\/wp\/v2\/types\/product"}],"replies":[{"embeddable":true,"href":"https:\/\/www.cout-hur.com\/index.php?rest_route=%2Fwp%2Fv2%2Fcomments&post=3090"}],"wp:featuredmedia":[{"embeddable":true,"href":"https:\/\/www.cout-hur.com\/index.php?rest_route=\/wp\/v2\/media\/3508"}],"wp:attachment":[{"href":"https:\/\/www.cout-hur.com\/index.php?rest_route=%2Fwp%2Fv2%2Fmedia&parent=3090"}],"wp:term":[{"taxonomy":"product_brand","embeddable":true,"href":"https:\/\/www.cout-hur.com\/index.php?rest_route=%2Fwp%2Fv2%2Fproduct_brand&post=3090"},{"taxonomy":"product_cat","embeddable":true,"href":"https:\/\/www.cout-hur.com\/index.php?rest_route=%2Fwp%2Fv2%2Fproduct_cat&post=3090"},{"taxonomy":"product_tag","embeddable":true,"href":"https:\/\/www.cout-hur.com\/index.php?rest_route=%2Fwp%2Fv2%2Fproduct_tag&post=3090"}],"curies":[{"name":"wp","href":"https:\/\/api.w.org\/{rel}","templated":true}]}}