{"id":2821,"date":"2021-04-14T11:07:17","date_gmt":"2021-04-14T09:07:17","guid":{"rendered":"https:\/\/www.cout-hur.com\/?post_type=product&#038;p=2821"},"modified":"2024-11-26T14:13:47","modified_gmt":"2024-11-26T13:13:47","slug":"lingettes-demaquillantes-bambou-panier-4","status":"publish","type":"product","link":"https:\/\/www.cout-hur.com\/?product=lingettes-demaquillantes-bambou-panier-4","title":{"rendered":"Lingettes d\u00e9maquillantes bambou : lot de 5 + panier"},"content":{"rendered":"<p><a href=\"https:\/\/www.cout-hur.com\/?product_cat=lingettes-lavables\">Lingettes d\u00e9maquillantes<\/a> bambou.<\/p>\n<p>Un petit panier bien rempli !<\/p>\n<p>5 lingettes en coton \u00e0 motifs ou double gaze d&#8217;un cot\u00e9 et tissu \u00e9ponge de bambou toute douce de l&#8217;autre. Tous les tissus sont certifi\u00e9s <a href=\"https:\/\/www.oeko-tex.com\/en\/our-standards\/standard-100-by-oeko-tex\" target=\"_blank\" rel=\"noopener\">Oeko-Tex 100.<\/a> Elles sont accompagn\u00e9es de leur panier de rangement assorti r\u00e9versible.<\/p>\n<p>Le tout est cousu main, avec soin. Elles sont \u00e9cologiques et \u00e9conomiques : plus besoin de coton ! Elles peuvent \u00eatre utilis\u00e9es pour le d\u00e9maquillage, pour la toilette de b\u00e9b\u00e9&#8230;<\/p>\n<p>Un petit geste vers le z\u00e9ro d\u00e9chet, mais sans perdre de vue le c\u00f4t\u00e9 esth\u00e9tique ! Ce petit panier fera le plus bel effet dans votre salle de bain.<\/p>\n<p>Elles s&#8217;adouciront au fil des lavages. Il est possible de constater un l\u00e9ger r\u00e9tr\u00e9cissement apr\u00e8s le premier lavage.<\/p>\n<p>N&#8217;h\u00e9sitez pas \u00e0 me contacter, j&#8217;ai de tr\u00e8s nombreux tissus en stock, je peux vous proposer plein d&#8217;autres mod\u00e8les !<\/p>\n","protected":false},"excerpt":{"rendered":"<p>Lingettes d\u00e9maquillantes bambou, lot de 5 + panier<\/p>\n","protected":false},"featured_media":3734,"comment_status":"open","ping_status":"closed","template":"","meta":[],"product_brand":[],"product_cat":[17],"product_tag":[146,143,157,156,158,142],"class_list":{"0":"post-2821","1":"product","2":"type-product","3":"status-publish","4":"has-post-thumbnail","6":"product_cat-lingettes-lavables","7":"product_tag-bambou","8":"product_tag-coton","9":"product_tag-demaquillant","10":"product_tag-lingettes","11":"product_tag-oeko-tex","12":"product_tag-zero-dechet","14":"first","15":"instock","16":"shipping-taxable","17":"purchasable","18":"product-type-simple"},"jetpack_sharing_enabled":true,"_links":{"self":[{"href":"https:\/\/www.cout-hur.com\/index.php?rest_route=\/wp\/v2\/product\/2821","targetHints":{"allow":["GET"]}}],"collection":[{"href":"https:\/\/www.cout-hur.com\/index.php?rest_route=\/wp\/v2\/product"}],"about":[{"href":"https:\/\/www.cout-hur.com\/index.php?rest_route=\/wp\/v2\/types\/product"}],"replies":[{"embeddable":true,"href":"https:\/\/www.cout-hur.com\/index.php?rest_route=%2Fwp%2Fv2%2Fcomments&post=2821"}],"wp:featuredmedia":[{"embeddable":true,"href":"https:\/\/www.cout-hur.com\/index.php?rest_route=\/wp\/v2\/media\/3734"}],"wp:attachment":[{"href":"https:\/\/www.cout-hur.com\/index.php?rest_route=%2Fwp%2Fv2%2Fmedia&parent=2821"}],"wp:term":[{"taxonomy":"product_brand","embeddable":true,"href":"https:\/\/www.cout-hur.com\/index.php?rest_route=%2Fwp%2Fv2%2Fproduct_brand&post=2821"},{"taxonomy":"product_cat","embeddable":true,"href":"https:\/\/www.cout-hur.com\/index.php?rest_route=%2Fwp%2Fv2%2Fproduct_cat&post=2821"},{"taxonomy":"product_tag","embeddable":true,"href":"https:\/\/www.cout-hur.com\/index.php?rest_route=%2Fwp%2Fv2%2Fproduct_tag&post=2821"}],"curies":[{"name":"wp","href":"https:\/\/api.w.org\/{rel}","templated":true}]}}