{"id":2715,"date":"2021-03-31T17:27:51","date_gmt":"2021-03-31T15:27:51","guid":{"rendered":"https:\/\/www.cout-hur.com\/?post_type=product&#038;p=2715"},"modified":"2021-08-15T22:19:25","modified_gmt":"2021-08-15T20:19:25","slug":"tapis-mois-par-mois-7","status":"publish","type":"product","link":"https:\/\/www.cout-hur.com\/?product=tapis-mois-par-mois-7","title":{"rendered":"Tapis mois par mois"},"content":{"rendered":"<p><a href=\"https:\/\/www.cout-hur.com\/?product_cat=tapis-deveil\">Tapis mois par mois<\/a> pour faire des photos de l&#8217;\u00e9volution de votre b\u00e9b\u00e9.<br \/>\nVous voulez faire de jolies photos de votre b\u00e9b\u00e9 ? Vous pourrez indiquer sur la photo son \u00e2ge en jours, semaines, mois ou ann\u00e9es. Une tr\u00e8s jolie fa\u00e7on de garder des souvenirs des premi\u00e8res ann\u00e9es de votre enfant.<\/p>\n<p>Ce tapis est compos\u00e9 de 3 \u00e9paisseurs :<\/p>\n<ul>\n<li>1 face en velours tout doux, \u00e0 motifs imprim\u00e9s (ils ne bougeront pas au fil des ann\u00e9es)<\/li>\n<li>1 rembourrage en ouate pour le confort de votre enfant<\/li>\n<li>1 face en coton gris \u00e9pais pour rigidifier l&#8217;ensemble<\/li>\n<\/ul>\n<p>Ce tapis vous est fourni avec un anneau en bois pour indiquer les chiffres et un petit nuage en bois \u00e0 placer autour du mot (jours, semaines, mois ou ans).<\/p>\n","protected":false},"excerpt":{"rendered":"<p>Tapis mois par mois pour faire des photos de l&#8217;\u00e9volution de votre b\u00e9b\u00e9. Vous voulez faire de jolies photos de votre b\u00e9b\u00e9 ? Vous pourrez indiquer sur la photo son \u00e2ge en jours, semaines, mois ou ann\u00e9es. Une tr\u00e8s jolie fa\u00e7on de garder des souvenirs des premi\u00e8res ann\u00e9es de votre enfant. Ce tapis est compos\u00e9 [&hellip;]<\/p>\n","protected":false},"featured_media":2693,"comment_status":"open","ping_status":"closed","template":"","meta":[],"product_brand":[],"product_cat":[23],"product_tag":[139,143,141,144,140,138,145],"class_list":{"0":"post-2715","1":"product","2":"type-product","3":"status-publish","4":"has-post-thumbnail","6":"product_cat-tapis-deveil","7":"product_tag-bebe","8":"product_tag-coton","9":"product_tag-mois","10":"product_tag-ouate","11":"product_tag-photos","12":"product_tag-tapis","13":"product_tag-velour","15":"first","16":"instock","17":"shipping-taxable","18":"purchasable","19":"product-type-simple"},"jetpack_sharing_enabled":true,"_links":{"self":[{"href":"https:\/\/www.cout-hur.com\/index.php?rest_route=\/wp\/v2\/product\/2715","targetHints":{"allow":["GET"]}}],"collection":[{"href":"https:\/\/www.cout-hur.com\/index.php?rest_route=\/wp\/v2\/product"}],"about":[{"href":"https:\/\/www.cout-hur.com\/index.php?rest_route=\/wp\/v2\/types\/product"}],"replies":[{"embeddable":true,"href":"https:\/\/www.cout-hur.com\/index.php?rest_route=%2Fwp%2Fv2%2Fcomments&post=2715"}],"wp:featuredmedia":[{"embeddable":true,"href":"https:\/\/www.cout-hur.com\/index.php?rest_route=\/wp\/v2\/media\/2693"}],"wp:attachment":[{"href":"https:\/\/www.cout-hur.com\/index.php?rest_route=%2Fwp%2Fv2%2Fmedia&parent=2715"}],"wp:term":[{"taxonomy":"product_brand","embeddable":true,"href":"https:\/\/www.cout-hur.com\/index.php?rest_route=%2Fwp%2Fv2%2Fproduct_brand&post=2715"},{"taxonomy":"product_cat","embeddable":true,"href":"https:\/\/www.cout-hur.com\/index.php?rest_route=%2Fwp%2Fv2%2Fproduct_cat&post=2715"},{"taxonomy":"product_tag","embeddable":true,"href":"https:\/\/www.cout-hur.com\/index.php?rest_route=%2Fwp%2Fv2%2Fproduct_tag&post=2715"}],"curies":[{"name":"wp","href":"https:\/\/api.w.org\/{rel}","templated":true}]}}