{"id":2666,"date":"2021-03-15T20:52:42","date_gmt":"2021-03-15T19:52:42","guid":{"rendered":"https:\/\/www.cout-hur.com\/?post_type=product&#038;p=2666"},"modified":"2025-04-05T17:19:59","modified_gmt":"2025-04-05T15:19:59","slug":"etui-a-lunettes-avec-fermoir-a-cliquet-et-broderie","status":"publish","type":"product","link":"https:\/\/www.cout-hur.com\/?product=etui-a-lunettes-avec-fermoir-a-cliquet-et-broderie","title":{"rendered":"Etui \u00e0 lunettes avec fermoir \u00e0 cliquet et broderie"},"content":{"rendered":"<p>Gr\u00e2ce \u00e0 cet \u00e9tui, vos lunettes seront joliment prot\u00e9g\u00e9es.<\/p>\n<p>Il est compos\u00e9 d&#8217;un joli tissu moderne \u00e0 l\u2019ext\u00e9rieur ; d&#8217;un tissu uni assorti en guise de doublure interne et entre ces 2 tissus vous trouverez un molleton pour renforcer et absorber les (petits) chocs.<\/p>\n<p>Cet \u00e9tui se ferme \u00e0 l&#8217;aide d&#8217;un fermoir \u00e0 cliquet ou fermoir clic-clac. Tr\u00e8s pratique, il peut s&#8217;ouvrir et se fermer d&#8217;une seule main.<\/p>\n<p>Voil\u00e0 une id\u00e9e de cadeau pour petit budget ! Un cadeau utile et joli pour ne rien g\u00e2cher.<\/p>\n<p>Il mesure 8,5cm X 19cm. Il tiendra sans soucis dans un sac \u00e0 main, un sac \u00e0 dos ou un cartable.<\/p>\n<p>Entretien : un petit coup d&#8217;\u00e9ponge avec une goutte de savon ou de liquide vaisselle, rinc\u00e9e ensuite, devrait permettre d&#8217;\u00e9liminer les t\u00e2ches facilement.<\/p>\n<div class=\"wp-video\" style=\"width:980px\">\n<p><!--[if lt IE 9]&amp;gt;document.createElement('video');&amp;lt;![endif]--><\/p>\n<p><video class=\"wp-video-shortcode\" id=\"video-0-1\" width=\"980\" height=\"551\" preload=\"metadata\" controls=\"controls\"><\/video><\/p>\n<p><a href=\"https:\/\/www.cout-hur.com\/wp-content\/uploads\/2021\/03\/C0004_dr34sh.mp4\">https:\/\/www.cout-hur.com\/wp-content\/uploads\/2021\/03\/C0004_dr34sh.mp4<\/a><\/div>\n","protected":false},"excerpt":{"rendered":"<p>Gr\u00e2ce \u00e0 cet \u00e9tui, vos lunettes seront joliment prot\u00e9g\u00e9es. Il est compos\u00e9 d&#8217;un joli tissu moderne \u00e0 l\u2019ext\u00e9rieur ; d&#8217;un tissu uni assorti en guise de doublure interne et entre ces 2 tissus vous trouverez un molleton pour renforcer et absorber les (petits) chocs. Cet \u00e9tui se ferme \u00e0 l&#8217;aide d&#8217;un fermoir \u00e0 cliquet ou [&hellip;]<\/p>\n","protected":false},"featured_media":4424,"comment_status":"open","ping_status":"closed","template":"","meta":[],"product_brand":[],"product_cat":[85],"product_tag":[],"class_list":{"0":"post-2666","1":"product","2":"type-product","3":"status-publish","4":"has-post-thumbnail","6":"product_cat-accessoires","8":"first","9":"instock","10":"shipping-taxable","11":"purchasable","12":"product-type-variable"},"jetpack_sharing_enabled":true,"_links":{"self":[{"href":"https:\/\/www.cout-hur.com\/index.php?rest_route=\/wp\/v2\/product\/2666","targetHints":{"allow":["GET"]}}],"collection":[{"href":"https:\/\/www.cout-hur.com\/index.php?rest_route=\/wp\/v2\/product"}],"about":[{"href":"https:\/\/www.cout-hur.com\/index.php?rest_route=\/wp\/v2\/types\/product"}],"replies":[{"embeddable":true,"href":"https:\/\/www.cout-hur.com\/index.php?rest_route=%2Fwp%2Fv2%2Fcomments&post=2666"}],"wp:featuredmedia":[{"embeddable":true,"href":"https:\/\/www.cout-hur.com\/index.php?rest_route=\/wp\/v2\/media\/4424"}],"wp:attachment":[{"href":"https:\/\/www.cout-hur.com\/index.php?rest_route=%2Fwp%2Fv2%2Fmedia&parent=2666"}],"wp:term":[{"taxonomy":"product_brand","embeddable":true,"href":"https:\/\/www.cout-hur.com\/index.php?rest_route=%2Fwp%2Fv2%2Fproduct_brand&post=2666"},{"taxonomy":"product_cat","embeddable":true,"href":"https:\/\/www.cout-hur.com\/index.php?rest_route=%2Fwp%2Fv2%2Fproduct_cat&post=2666"},{"taxonomy":"product_tag","embeddable":true,"href":"https:\/\/www.cout-hur.com\/index.php?rest_route=%2Fwp%2Fv2%2Fproduct_tag&post=2666"}],"curies":[{"name":"wp","href":"https:\/\/api.w.org\/{rel}","templated":true}]}}