{"id":2248,"date":"2021-01-15T10:26:25","date_gmt":"2021-01-15T09:26:25","guid":{"rendered":"https:\/\/www.cout-hur.com\/?post_type=product&#038;p=2248"},"modified":"2021-07-06T08:28:39","modified_gmt":"2021-07-06T06:28:39","slug":"tapis-deveil-sensoriel-rond-10","status":"publish","type":"product","link":"https:\/\/www.cout-hur.com\/?product=tapis-deveil-sensoriel-rond-10","title":{"rendered":"Tapis d&#8217;\u00e9veil sensoriel rond"},"content":{"rendered":"<p><a href=\"https:\/\/www.cout-hur.com\/index.php\/categorie-produit\/bebe-enfant\/tapis-deveil\/\">Tapis d&#8217;\u00e9veil<\/a> sensoriel rond pour accueillir b\u00e9b\u00e9 dans ses premiers mois. Il est cousu main, avec soin.<\/p>\n<p>Constitu\u00e9 de diff\u00e9rents morceaux de tissus (coton, minkee tout doux&#8230;) il stimulera votre enfant gr\u00e2ce \u00e0 ses nombreuses textures ainsi que ses jouets en bois et silicone (amovibles pour le nettoyage du tapis). Inspiration <a href=\"https:\/\/fr.wikipedia.org\/wiki\/P%C3%A9dagogie_Montessori\" target=\"_blank\" rel=\"noopener\">Montessori<\/a>, il peut aussi servir de tapis de parc.<\/p>\n<p>L&#8217;envers est constitu\u00e9 d&#8217;un tissu en coton \u00e9pais. Il est garni de ouate pour son c\u00f4t\u00e9 moelleux et d&#8217;une couche de polaire pour isoler l&#8217;enfant du froid du sol.<\/p>\n<p>Je peux aussi confectionner de nombreux articles assortis \u00e0 ce tapis si vous le souhaitez (bavoir, lingettes lavables et panier en tissu, attache t\u00e9tine ou encore cube d&#8217;\u00e9veil). N&#8217;h\u00e9sitez pas \u00e0 me contacter pour la composition d&#8217;un coffret cadeau compos\u00e9 de plusieurs de ces articles.<\/p>\n","protected":false},"excerpt":{"rendered":"<p>Couleurs : Tons gris et vert menthe<\/p>\n","protected":false},"featured_media":2249,"comment_status":"open","ping_status":"closed","template":"","meta":[],"product_brand":[],"product_cat":[23],"product_tag":[],"class_list":{"0":"post-2248","1":"product","2":"type-product","3":"status-publish","4":"has-post-thumbnail","6":"product_cat-tapis-deveil","8":"first","9":"outofstock","10":"shipping-taxable","11":"purchasable","12":"product-type-simple"},"jetpack_sharing_enabled":true,"_links":{"self":[{"href":"https:\/\/www.cout-hur.com\/index.php?rest_route=\/wp\/v2\/product\/2248","targetHints":{"allow":["GET"]}}],"collection":[{"href":"https:\/\/www.cout-hur.com\/index.php?rest_route=\/wp\/v2\/product"}],"about":[{"href":"https:\/\/www.cout-hur.com\/index.php?rest_route=\/wp\/v2\/types\/product"}],"replies":[{"embeddable":true,"href":"https:\/\/www.cout-hur.com\/index.php?rest_route=%2Fwp%2Fv2%2Fcomments&post=2248"}],"wp:featuredmedia":[{"embeddable":true,"href":"https:\/\/www.cout-hur.com\/index.php?rest_route=\/wp\/v2\/media\/2249"}],"wp:attachment":[{"href":"https:\/\/www.cout-hur.com\/index.php?rest_route=%2Fwp%2Fv2%2Fmedia&parent=2248"}],"wp:term":[{"taxonomy":"product_brand","embeddable":true,"href":"https:\/\/www.cout-hur.com\/index.php?rest_route=%2Fwp%2Fv2%2Fproduct_brand&post=2248"},{"taxonomy":"product_cat","embeddable":true,"href":"https:\/\/www.cout-hur.com\/index.php?rest_route=%2Fwp%2Fv2%2Fproduct_cat&post=2248"},{"taxonomy":"product_tag","embeddable":true,"href":"https:\/\/www.cout-hur.com\/index.php?rest_route=%2Fwp%2Fv2%2Fproduct_tag&post=2248"}],"curies":[{"name":"wp","href":"https:\/\/api.w.org\/{rel}","templated":true}]}}