{"id":2226,"date":"2021-01-15T10:09:54","date_gmt":"2021-01-15T09:09:54","guid":{"rendered":"https:\/\/www.cout-hur.com\/?post_type=product&#038;p=2226"},"modified":"2021-03-10T20:49:43","modified_gmt":"2021-03-10T19:49:43","slug":"couverture-bebe-doublee-minky-14","status":"publish","type":"product","link":"https:\/\/www.cout-hur.com\/?product=couverture-bebe-doublee-minky-14","title":{"rendered":"Couverture b\u00e9b\u00e9 doubl\u00e9e minky"},"content":{"rendered":"<p><a href=\"https:\/\/www.cout-hur.com\/index.php\/categorie-produit\/bebe-enfant\/couvertures-bebe\/\">Couverture b\u00e9b\u00e9<\/a> doubl\u00e9e minky qui va vous donner envie de retomber en enfance !<\/p>\n<p>Elle est compos\u00e9e d&#8217;un tissu en coton \u00e0 motif entour\u00e9 de 2 bandes de tissu en coton uni assorti, d&#8217;une doublure en ouate (certifi\u00e9 Oeko-Tex) pour tenir bien chaud tout en restant bien l\u00e9g\u00e8re et d&#8217;un tissu minky (un tissu bien connu pour sa douceur !)<\/p>\n<p>Sa taille parfaite pour suivre b\u00e9b\u00e9 partout. Elle peut s&#8217;utiliser sur la poussette, le landau, pour couvrir ses jambes dans le si\u00e8ge auto&#8230;<\/p>\n<p>Attention : repassage l\u00e9ger uniquement sur le c\u00f4t\u00e9 coton (sinon vous risquez de voir dispara\u00eetre les petites \u00e9toiles du minky).<\/p>\n<p>Mieux vaut privil\u00e9gier un s\u00e9chage \u00e0 l&#8217;air libre \u00e0 plat.<\/p>\n","protected":false},"excerpt":{"rendered":"<p>Couverture b\u00e9b\u00e9 doubl\u00e9e minky qui va vous donner envie de retomber en enfance ! Elle est compos\u00e9e d&#8217;un tissu en coton \u00e0 motif entour\u00e9 de 2 bandes de tissu en coton uni assorti, d&#8217;une doublure en ouate (certifi\u00e9 Oeko-Tex) pour tenir bien chaud tout en restant bien l\u00e9g\u00e8re et d&#8217;un tissu minky (un tissu bien [&hellip;]<\/p>\n","protected":false},"featured_media":2231,"comment_status":"open","ping_status":"closed","template":"","meta":[],"product_brand":[],"product_cat":[16],"product_tag":[],"class_list":{"0":"post-2226","1":"product","2":"type-product","3":"status-publish","4":"has-post-thumbnail","6":"product_cat-couvertures-bebe","8":"first","9":"outofstock","10":"shipping-taxable","11":"purchasable","12":"product-type-simple"},"jetpack_sharing_enabled":true,"_links":{"self":[{"href":"https:\/\/www.cout-hur.com\/index.php?rest_route=\/wp\/v2\/product\/2226","targetHints":{"allow":["GET"]}}],"collection":[{"href":"https:\/\/www.cout-hur.com\/index.php?rest_route=\/wp\/v2\/product"}],"about":[{"href":"https:\/\/www.cout-hur.com\/index.php?rest_route=\/wp\/v2\/types\/product"}],"replies":[{"embeddable":true,"href":"https:\/\/www.cout-hur.com\/index.php?rest_route=%2Fwp%2Fv2%2Fcomments&post=2226"}],"wp:featuredmedia":[{"embeddable":true,"href":"https:\/\/www.cout-hur.com\/index.php?rest_route=\/wp\/v2\/media\/2231"}],"wp:attachment":[{"href":"https:\/\/www.cout-hur.com\/index.php?rest_route=%2Fwp%2Fv2%2Fmedia&parent=2226"}],"wp:term":[{"taxonomy":"product_brand","embeddable":true,"href":"https:\/\/www.cout-hur.com\/index.php?rest_route=%2Fwp%2Fv2%2Fproduct_brand&post=2226"},{"taxonomy":"product_cat","embeddable":true,"href":"https:\/\/www.cout-hur.com\/index.php?rest_route=%2Fwp%2Fv2%2Fproduct_cat&post=2226"},{"taxonomy":"product_tag","embeddable":true,"href":"https:\/\/www.cout-hur.com\/index.php?rest_route=%2Fwp%2Fv2%2Fproduct_tag&post=2226"}],"curies":[{"name":"wp","href":"https:\/\/api.w.org\/{rel}","templated":true}]}}