{"id":2107,"date":"2020-12-12T12:39:11","date_gmt":"2020-12-12T11:39:11","guid":{"rendered":"https:\/\/www.cout-hur.com\/?post_type=product&#038;p=2107"},"modified":"2026-03-27T17:31:02","modified_gmt":"2026-03-27T16:31:02","slug":"rouleau-dessuie-tout-lavable-5-feuilles","status":"publish","type":"product","link":"https:\/\/www.cout-hur.com\/?product=rouleau-dessuie-tout-lavable-5-feuilles","title":{"rendered":"Rouleau d&#8217;essuie-tout lavable : 5 feuilles"},"content":{"rendered":"<p>Une nouvelle \u00e9tape vers le z\u00e9ro d\u00e9chet ! Le <a href=\"https:\/\/www.cout-hur.com\/index.php\/categorie-produit\/cuisine\/essuie-tout\/\">Rouleau d&#8217;essuie-tout lavable.<\/a><\/p>\n<p>Adieu le sopalin !! Voil\u00e0 une alternative \u00e0 l&#8217;essuie-tout jetable qui sera du plus bel effet dans votre cuisine.<\/p>\n<p>Un tissu ext\u00e9rieur en coton Oeko-Tex doubl\u00e9 avec un tissu coton nid d&#8217;abeille Oeko-Tex lui aussi, tr\u00e8s absorbant. Le rouleau se compose de 5 feuilles. Chaque feuille poss\u00e8de 4 boutons pression pour pouvoir \u00eatre assembl\u00e9es les unes aux autres sous forme de rouleau.<\/p>\n<p>Il est possible de constater un l\u00e9ger r\u00e9tr\u00e9cissement apr\u00e8s le premier lavage.<\/p>\n<p>Afin de faciliter l&#8217;envoi de votre rouleau et minimiser les frais de port, celui ci sera emball\u00e9 \u00e0 plat, sous forme de feuilles. Il ne vous restera qu&#8217;\u00e0 assembler les feuilles, une fois l&#8217;enveloppe re\u00e7ue, pour reconstituer le rouleau !<\/p>\n","protected":false},"excerpt":{"rendered":"<p>Une nouvelle \u00e9tape vers le z\u00e9ro d\u00e9chet ! Le Rouleau d&#8217;essuie-tout lavable. Adieu le sopalin !! Voil\u00e0 une alternative \u00e0 l&#8217;essuie-tout jetable qui sera du plus bel effet dans votre cuisine. Un tissu ext\u00e9rieur en coton Oeko-Tex doubl\u00e9 avec un tissu coton nid d&#8217;abeille Oeko-Tex lui aussi, tr\u00e8s absorbant. Le rouleau se compose de 5 [&hellip;]<\/p>\n","protected":false},"featured_media":4512,"comment_status":"open","ping_status":"closed","template":"","meta":[],"product_brand":[],"product_cat":[32],"product_tag":[],"class_list":{"0":"post-2107","1":"product","2":"type-product","3":"status-publish","4":"has-post-thumbnail","6":"product_cat-essuie-tout","8":"first","9":"instock","10":"shipping-taxable","11":"purchasable","12":"product-type-variable"},"jetpack_sharing_enabled":true,"_links":{"self":[{"href":"https:\/\/www.cout-hur.com\/index.php?rest_route=\/wp\/v2\/product\/2107","targetHints":{"allow":["GET"]}}],"collection":[{"href":"https:\/\/www.cout-hur.com\/index.php?rest_route=\/wp\/v2\/product"}],"about":[{"href":"https:\/\/www.cout-hur.com\/index.php?rest_route=\/wp\/v2\/types\/product"}],"replies":[{"embeddable":true,"href":"https:\/\/www.cout-hur.com\/index.php?rest_route=%2Fwp%2Fv2%2Fcomments&post=2107"}],"wp:featuredmedia":[{"embeddable":true,"href":"https:\/\/www.cout-hur.com\/index.php?rest_route=\/wp\/v2\/media\/4512"}],"wp:attachment":[{"href":"https:\/\/www.cout-hur.com\/index.php?rest_route=%2Fwp%2Fv2%2Fmedia&parent=2107"}],"wp:term":[{"taxonomy":"product_brand","embeddable":true,"href":"https:\/\/www.cout-hur.com\/index.php?rest_route=%2Fwp%2Fv2%2Fproduct_brand&post=2107"},{"taxonomy":"product_cat","embeddable":true,"href":"https:\/\/www.cout-hur.com\/index.php?rest_route=%2Fwp%2Fv2%2Fproduct_cat&post=2107"},{"taxonomy":"product_tag","embeddable":true,"href":"https:\/\/www.cout-hur.com\/index.php?rest_route=%2Fwp%2Fv2%2Fproduct_tag&post=2107"}],"curies":[{"name":"wp","href":"https:\/\/api.w.org\/{rel}","templated":true}]}}