{"id":2009,"date":"2020-12-04T21:32:15","date_gmt":"2020-12-04T20:32:15","guid":{"rendered":"https:\/\/www.cout-hur.com\/?post_type=product&#038;p=2009"},"modified":"2026-03-27T17:40:33","modified_gmt":"2026-03-27T16:40:33","slug":"charlotte-couvre-plat-lot-de-3-6","status":"publish","type":"product","link":"https:\/\/www.cout-hur.com\/?product=charlotte-couvre-plat-lot-de-3-6","title":{"rendered":"Charlotte couvre-plat : Lot de 3 &#8211; Coloris M\u00e9lang\u00e9s Gris-Noir-Rouge"},"content":{"rendered":"<p>Un joli lot de 3 <a href=\"https:\/\/www.cout-hur.com\/?product_cat=charlottes-couvre-plat\">charlottes couvre-plat<\/a>, pour remplacer le cellophane. Des jolis motifs g\u00e9om\u00e9triques parfaits pour la cuisine.<\/p>\n<p>Avec ce lot vous pouvez couvrir quasiment tous les plats de votre cuisine !!<\/p>\n<ul>\n<li>La grande charlotte (taille L) mesure 23cm \u00e0 plat et peut couvrir un saladier de 28cm de diam\u00e8tre.<\/li>\n<li>La moyenne (taille M) fait 18cm et peut servir pour des plats jusqu&#8217;\u00e0 23cm.<\/li>\n<li>La petite (taille S) mesure 13cm et peut s&#8217;\u00e9tirer jusqu&#8217;\u00e0 15cm.<\/li>\n<\/ul>\n<p>Faire un geste pour l&#8217;environnement oui mais avec style !<\/p>\n<p>Les charlottes sont parfaites pour couvrir vos plats, saladiers, bols et permettre la conservation de vos aliments au frigo ou \u00e0 temp\u00e9rature ambiante sans utiliser de cellophane ou de papier aluminium. Ne pas utiliser au four, au cong\u00e9lateur ou au micro ondes. Ne passe pas au lave vaisselle.<\/p>\n<p>Cousues dans un tissu enduit en coton et bord\u00e9es d&#8217;un \u00e9lastique pour s&#8217;adapter \u00e0 de nombreuses tailles de contenants.<\/p>\n","protected":false},"excerpt":{"rendered":"<p>Charlotte couvre-plat couleur : gris-noir-rouge<\/p>\n","protected":false},"featured_media":4531,"comment_status":"open","ping_status":"closed","template":"","meta":[],"product_brand":[],"product_cat":[80],"product_tag":[165,166,57,142],"class_list":{"0":"post-2009","1":"product","2":"type-product","3":"status-publish","4":"has-post-thumbnail","6":"product_cat-charlottes-couvre-plat","7":"product_tag-charlotte-couvre-plat","8":"product_tag-coton-enduit","9":"product_tag-cuisine","10":"product_tag-zero-dechet","12":"first","13":"instock","14":"shipping-taxable","15":"purchasable","16":"product-type-simple"},"jetpack_sharing_enabled":true,"_links":{"self":[{"href":"https:\/\/www.cout-hur.com\/index.php?rest_route=\/wp\/v2\/product\/2009","targetHints":{"allow":["GET"]}}],"collection":[{"href":"https:\/\/www.cout-hur.com\/index.php?rest_route=\/wp\/v2\/product"}],"about":[{"href":"https:\/\/www.cout-hur.com\/index.php?rest_route=\/wp\/v2\/types\/product"}],"replies":[{"embeddable":true,"href":"https:\/\/www.cout-hur.com\/index.php?rest_route=%2Fwp%2Fv2%2Fcomments&post=2009"}],"wp:featuredmedia":[{"embeddable":true,"href":"https:\/\/www.cout-hur.com\/index.php?rest_route=\/wp\/v2\/media\/4531"}],"wp:attachment":[{"href":"https:\/\/www.cout-hur.com\/index.php?rest_route=%2Fwp%2Fv2%2Fmedia&parent=2009"}],"wp:term":[{"taxonomy":"product_brand","embeddable":true,"href":"https:\/\/www.cout-hur.com\/index.php?rest_route=%2Fwp%2Fv2%2Fproduct_brand&post=2009"},{"taxonomy":"product_cat","embeddable":true,"href":"https:\/\/www.cout-hur.com\/index.php?rest_route=%2Fwp%2Fv2%2Fproduct_cat&post=2009"},{"taxonomy":"product_tag","embeddable":true,"href":"https:\/\/www.cout-hur.com\/index.php?rest_route=%2Fwp%2Fv2%2Fproduct_tag&post=2009"}],"curies":[{"name":"wp","href":"https:\/\/api.w.org\/{rel}","templated":true}]}}