{"id":1952,"date":"2020-11-28T10:51:03","date_gmt":"2020-11-28T09:51:03","guid":{"rendered":"https:\/\/www.cout-hur.com\/?post_type=product&#038;p=1952"},"modified":"2021-08-18T22:17:16","modified_gmt":"2021-08-18T20:17:16","slug":"mouchoirs-assortis-lot-de-7-3","status":"publish","type":"product","link":"https:\/\/www.cout-hur.com\/?product=mouchoirs-assortis-lot-de-7-3","title":{"rendered":"Mouchoirs assortis : lot de 7"},"content":{"rendered":"<p>Un joli petit lot de 7 <a title=\"Cat\u00e9gorie mouchoirs\" href=\"\/index.php\/categorie-produit\/mouchoirs\/\">mouchoirs<\/a> en tissu coton assortis \u00e0 motifs pour remplacer vos mouchoirs jetables en papier.<\/p>\n<p>Ils sont cousus \u00e0 la main. Les ourl\u00e9s r\u00e9alis\u00e9s \u00e0 la surjeteuse permettent de finir les bords du tissu et emp\u00eacher ce dernier de s&#8217;effilocher. Peut \u00eatre l\u00e9g\u00e8rement moins r\u00e9sistants que des ourlets traditionnels, ils sont plus accessibles financi\u00e8rement. Si vous voulez tenter les mouchoirs en tissus, c&#8217;est une bonne fa\u00e7on d&#8217;essayer \u00e0 moindre frais<\/p>\n<p>Il est possible de constater un l\u00e9ger r\u00e9tr\u00e9cissement apr\u00e8s le premier lavage.<\/p>\n<p>Le tissu peut para\u00eetre un peu r\u00eache ou rigide au premier abord car il est neuf, ne vous inqui\u00e9tez pas ils vont s&#8217;adoucir au fil des lavages.<\/p>\n","protected":false},"excerpt":{"rendered":"<p>Mouchoirs tons gris fonc\u00e9 et blanc<\/p>\n","protected":false},"featured_media":1969,"comment_status":"open","ping_status":"closed","template":"","meta":[],"product_brand":[],"product_cat":[18],"product_tag":[143,163,142],"class_list":{"0":"post-1952","1":"product","2":"type-product","3":"status-publish","4":"has-post-thumbnail","6":"product_cat-mouchoirs","7":"product_tag-coton","8":"product_tag-mouchoirs","9":"product_tag-zero-dechet","11":"first","12":"instock","13":"shipping-taxable","14":"purchasable","15":"product-type-simple"},"jetpack_sharing_enabled":true,"_links":{"self":[{"href":"https:\/\/www.cout-hur.com\/index.php?rest_route=\/wp\/v2\/product\/1952","targetHints":{"allow":["GET"]}}],"collection":[{"href":"https:\/\/www.cout-hur.com\/index.php?rest_route=\/wp\/v2\/product"}],"about":[{"href":"https:\/\/www.cout-hur.com\/index.php?rest_route=\/wp\/v2\/types\/product"}],"replies":[{"embeddable":true,"href":"https:\/\/www.cout-hur.com\/index.php?rest_route=%2Fwp%2Fv2%2Fcomments&post=1952"}],"wp:featuredmedia":[{"embeddable":true,"href":"https:\/\/www.cout-hur.com\/index.php?rest_route=\/wp\/v2\/media\/1969"}],"wp:attachment":[{"href":"https:\/\/www.cout-hur.com\/index.php?rest_route=%2Fwp%2Fv2%2Fmedia&parent=1952"}],"wp:term":[{"taxonomy":"product_brand","embeddable":true,"href":"https:\/\/www.cout-hur.com\/index.php?rest_route=%2Fwp%2Fv2%2Fproduct_brand&post=1952"},{"taxonomy":"product_cat","embeddable":true,"href":"https:\/\/www.cout-hur.com\/index.php?rest_route=%2Fwp%2Fv2%2Fproduct_cat&post=1952"},{"taxonomy":"product_tag","embeddable":true,"href":"https:\/\/www.cout-hur.com\/index.php?rest_route=%2Fwp%2Fv2%2Fproduct_tag&post=1952"}],"curies":[{"name":"wp","href":"https:\/\/api.w.org\/{rel}","templated":true}]}}