{"id":1907,"date":"2020-11-28T09:50:44","date_gmt":"2020-11-28T08:50:44","guid":{"rendered":"https:\/\/www.cout-hur.com\/?post_type=product&#038;p=1907"},"modified":"2025-05-14T18:46:40","modified_gmt":"2025-05-14T16:46:40","slug":"calot-de-bloc-medical-paramedical-batman","status":"publish","type":"product","link":"https:\/\/www.cout-hur.com\/?product=calot-de-bloc-medical-paramedical-batman","title":{"rendered":"Calot de bloc m\u00e9dical param\u00e9dical Batman"},"content":{"rendered":"<p><a href=\"https:\/\/www.cout-hur.com\/index.php\/categorie-produit\/calot\/\">Calot<\/a> de bloc m\u00e9dical param\u00e9dical pour mettre un peu de gaiet\u00e9.<br \/>\nDe belles couleurs et de jolis motifs pour embellir vos journ\u00e9es \u00e0 soigner. Il est en coton, peut se porter avec ou sans revers. Il est con\u00e7u pour convenir \u00e0 toutes les t\u00eates et toute les chevelures. Il se termine par 2 liens permettant de faire un n\u0153ud ajust\u00e9 \u00e0 chaque personne.<\/p>\n<p>Le tissu peut para\u00eetre un peu r\u00eache au premier abord car il est neuf, ne vous inqui\u00e9tez pas, il va s&#8217;adoucir au fil des lavages.<\/p>\n","protected":false},"excerpt":{"rendered":"<p>Calot de bloc m\u00e9dical param\u00e9dical, pour chirurgien, anesth\u00e9siste, aide op\u00e9ratoire, infirmi\u00e8re, aide soignante, sage femme&#8230;<\/p>\n","protected":false},"featured_media":1902,"comment_status":"open","ping_status":"closed","template":"","meta":[],"product_brand":[],"product_cat":[15],"product_tag":[153,143,155,154],"class_list":{"0":"post-1907","1":"product","2":"type-product","3":"status-publish","4":"has-post-thumbnail","6":"product_cat-calot","7":"product_tag-calot","8":"product_tag-coton","9":"product_tag-infirmiere","10":"product_tag-medical","12":"first","13":"outofstock","14":"shipping-taxable","15":"purchasable","16":"product-type-simple"},"jetpack_sharing_enabled":true,"_links":{"self":[{"href":"https:\/\/www.cout-hur.com\/index.php?rest_route=\/wp\/v2\/product\/1907","targetHints":{"allow":["GET"]}}],"collection":[{"href":"https:\/\/www.cout-hur.com\/index.php?rest_route=\/wp\/v2\/product"}],"about":[{"href":"https:\/\/www.cout-hur.com\/index.php?rest_route=\/wp\/v2\/types\/product"}],"replies":[{"embeddable":true,"href":"https:\/\/www.cout-hur.com\/index.php?rest_route=%2Fwp%2Fv2%2Fcomments&post=1907"}],"wp:featuredmedia":[{"embeddable":true,"href":"https:\/\/www.cout-hur.com\/index.php?rest_route=\/wp\/v2\/media\/1902"}],"wp:attachment":[{"href":"https:\/\/www.cout-hur.com\/index.php?rest_route=%2Fwp%2Fv2%2Fmedia&parent=1907"}],"wp:term":[{"taxonomy":"product_brand","embeddable":true,"href":"https:\/\/www.cout-hur.com\/index.php?rest_route=%2Fwp%2Fv2%2Fproduct_brand&post=1907"},{"taxonomy":"product_cat","embeddable":true,"href":"https:\/\/www.cout-hur.com\/index.php?rest_route=%2Fwp%2Fv2%2Fproduct_cat&post=1907"},{"taxonomy":"product_tag","embeddable":true,"href":"https:\/\/www.cout-hur.com\/index.php?rest_route=%2Fwp%2Fv2%2Fproduct_tag&post=1907"}],"curies":[{"name":"wp","href":"https:\/\/api.w.org\/{rel}","templated":true}]}}