{"id":1860,"date":"2020-11-20T18:09:51","date_gmt":"2020-11-20T17:09:51","guid":{"rendered":"https:\/\/www.cout-hur.com\/?post_type=product&#038;p=1860"},"modified":"2024-07-18T15:21:32","modified_gmt":"2024-07-18T13:21:32","slug":"pochette-impermeable-simple-imprime-maillots-de-bain-2","status":"publish","type":"product","link":"https:\/\/www.cout-hur.com\/?product=pochette-impermeable-simple-imprime-maillots-de-bain-2","title":{"rendered":"Pochette imperm\u00e9able pour maillots de bain doubl\u00e9e"},"content":{"rendered":"<p>Pochette imperm\u00e9able doubl\u00e9e pour maillots de bain ou pour ranger vos serviettes hygi\u00e9niques lavables, vos culottes menstruelles&#8230;<\/p>\n<p>Elle est cousue dans un tissu coton enduit imperm\u00e9able \u00e0 l&#8217;int\u00e9rieur et \u00e0 l&#8217;ext\u00e9rieur, et ferm\u00e9e par deux pressions en plastique.<\/p>\n<p>Elle se nettoie \u00e0 la main avec de l&#8217;eau savonneuse ou en machine \u00e0 30 degr\u00e9s (surtout pas de s\u00e8che linge !)<\/p>\n","protected":false},"excerpt":{"rendered":"<p>Pochette imperm\u00e9able doubl\u00e9e pour maillots de bain ou pour ranger vos serviettes hygi\u00e9niques lavables, vos culottes menstruelles&#8230; Elle est cousue dans un tissu coton enduit imperm\u00e9able \u00e0 l&#8217;int\u00e9rieur et \u00e0 l&#8217;ext\u00e9rieur, et ferm\u00e9e par deux pressions en plastique. Elle se nettoie \u00e0 la main avec de l&#8217;eau savonneuse ou en machine \u00e0 30 degr\u00e9s (surtout [&hellip;]<\/p>\n","protected":false},"featured_media":4233,"comment_status":"open","ping_status":"closed","template":"","meta":[],"product_brand":[],"product_cat":[29],"product_tag":[],"class_list":{"0":"post-1860","1":"product","2":"type-product","3":"status-publish","4":"has-post-thumbnail","6":"product_cat-pochettes-impermeables","8":"first","9":"instock","10":"shipping-taxable","11":"purchasable","12":"product-type-variable"},"jetpack_sharing_enabled":true,"_links":{"self":[{"href":"https:\/\/www.cout-hur.com\/index.php?rest_route=\/wp\/v2\/product\/1860","targetHints":{"allow":["GET"]}}],"collection":[{"href":"https:\/\/www.cout-hur.com\/index.php?rest_route=\/wp\/v2\/product"}],"about":[{"href":"https:\/\/www.cout-hur.com\/index.php?rest_route=\/wp\/v2\/types\/product"}],"replies":[{"embeddable":true,"href":"https:\/\/www.cout-hur.com\/index.php?rest_route=%2Fwp%2Fv2%2Fcomments&post=1860"}],"wp:featuredmedia":[{"embeddable":true,"href":"https:\/\/www.cout-hur.com\/index.php?rest_route=\/wp\/v2\/media\/4233"}],"wp:attachment":[{"href":"https:\/\/www.cout-hur.com\/index.php?rest_route=%2Fwp%2Fv2%2Fmedia&parent=1860"}],"wp:term":[{"taxonomy":"product_brand","embeddable":true,"href":"https:\/\/www.cout-hur.com\/index.php?rest_route=%2Fwp%2Fv2%2Fproduct_brand&post=1860"},{"taxonomy":"product_cat","embeddable":true,"href":"https:\/\/www.cout-hur.com\/index.php?rest_route=%2Fwp%2Fv2%2Fproduct_cat&post=1860"},{"taxonomy":"product_tag","embeddable":true,"href":"https:\/\/www.cout-hur.com\/index.php?rest_route=%2Fwp%2Fv2%2Fproduct_tag&post=1860"}],"curies":[{"name":"wp","href":"https:\/\/api.w.org\/{rel}","templated":true}]}}