{"id":1630,"date":"2020-10-27T13:34:26","date_gmt":"2020-10-27T12:34:26","guid":{"rendered":"http:\/\/fcimmap.cluster030.hosting.ovh.net\/?post_type=product&#038;p=1630"},"modified":"2020-10-29T19:20:49","modified_gmt":"2020-10-29T18:20:49","slug":"fanion-banniere-personnalisable-11","status":"publish","type":"product","link":"https:\/\/www.cout-hur.com\/?product=fanion-banniere-personnalisable-11","title":{"rendered":"Fanion banni\u00e8re personnalisable"},"content":{"rendered":"<p>Fanion banni\u00e8re personnalisable.<\/p>\n<p>Un joli petit fanion pour d\u00e9corer la chambre de votre enfant ou \u00e0 utiliser en d\u00e9coration de fond pour faire des photos d&#8217;anniversaire.<\/p>\n<p>Vous pouvez choisir entre :<\/p>\n<ul>\n<li>3 couleurs disponibles : blanc, beige ou noir<\/li>\n<li>2 tailles : S ou M<\/li>\n<\/ul>\n<p>Vous pouvez le personnaliser avec des chiffres, un mot ou un pr\u00e9nom. Je peux aussi vous proposer quelques motifs pour agr\u00e9menter votre fanion. N&#8217;h\u00e9sitez pas \u00e0 me contacter pour que nous puissions cr\u00e9er ensemble votre fanion parfait !<\/p>\n","protected":false},"excerpt":{"rendered":"<p>Fanion banni\u00e8re personnalisable. Un joli petit fanion pour d\u00e9corer la chambre de votre enfant ou \u00e0 utiliser en d\u00e9coration de fond pour faire des photos d&#8217;anniversaire. Vous pouvez choisir entre : 3 couleurs disponibles : blanc, beige ou noir 2 tailles : S ou M Vous pouvez le personnaliser avec des chiffres, un mot ou [&hellip;]<\/p>\n","protected":false},"featured_media":1631,"comment_status":"open","ping_status":"closed","template":"","meta":[],"product_brand":[],"product_cat":[25],"product_tag":[],"class_list":{"0":"post-1630","1":"product","2":"type-product","3":"status-publish","4":"has-post-thumbnail","6":"product_cat-decoration-chambre","8":"first","9":"instock","10":"shipping-taxable","11":"purchasable","12":"product-type-variable"},"jetpack_sharing_enabled":true,"_links":{"self":[{"href":"https:\/\/www.cout-hur.com\/index.php?rest_route=\/wp\/v2\/product\/1630","targetHints":{"allow":["GET"]}}],"collection":[{"href":"https:\/\/www.cout-hur.com\/index.php?rest_route=\/wp\/v2\/product"}],"about":[{"href":"https:\/\/www.cout-hur.com\/index.php?rest_route=\/wp\/v2\/types\/product"}],"replies":[{"embeddable":true,"href":"https:\/\/www.cout-hur.com\/index.php?rest_route=%2Fwp%2Fv2%2Fcomments&post=1630"}],"wp:featuredmedia":[{"embeddable":true,"href":"https:\/\/www.cout-hur.com\/index.php?rest_route=\/wp\/v2\/media\/1631"}],"wp:attachment":[{"href":"https:\/\/www.cout-hur.com\/index.php?rest_route=%2Fwp%2Fv2%2Fmedia&parent=1630"}],"wp:term":[{"taxonomy":"product_brand","embeddable":true,"href":"https:\/\/www.cout-hur.com\/index.php?rest_route=%2Fwp%2Fv2%2Fproduct_brand&post=1630"},{"taxonomy":"product_cat","embeddable":true,"href":"https:\/\/www.cout-hur.com\/index.php?rest_route=%2Fwp%2Fv2%2Fproduct_cat&post=1630"},{"taxonomy":"product_tag","embeddable":true,"href":"https:\/\/www.cout-hur.com\/index.php?rest_route=%2Fwp%2Fv2%2Fproduct_tag&post=1630"}],"curies":[{"name":"wp","href":"https:\/\/api.w.org\/{rel}","templated":true}]}}