{"id":1623,"date":"2020-10-27T13:26:08","date_gmt":"2020-10-27T12:26:08","guid":{"rendered":"http:\/\/fcimmap.cluster030.hosting.ovh.net\/?post_type=product&#038;p=1623"},"modified":"2020-10-29T17:44:54","modified_gmt":"2020-10-29T16:44:54","slug":"fanion-banniere-personnalisable-4","status":"publish","type":"product","link":"https:\/\/www.cout-hur.com\/?product=fanion-banniere-personnalisable-4","title":{"rendered":"Fanion banni\u00e8re personnalisable"},"content":{"rendered":"<p>Fanion banni\u00e8re personnalisable.<br \/>\nPeut \u00eatre personnalis\u00e9 avec le pr\u00e9nom de l&#8217;enfant, une couronne de fleur ou d&#8217;autres motifs.<\/p>\n<p>Il trouvera facilement sa place sur les murs de la chambre de votre enfant. Il est en coton, agr\u00e9ment\u00e9 de jolis rubans et dentelle.<\/p>\n","protected":false},"excerpt":{"rendered":"<p>Fanion banni\u00e8re personnalisable. Peut \u00eatre personnalis\u00e9 avec le pr\u00e9nom de l&#8217;enfant, une couronne de fleur ou d&#8217;autres motifs. Il trouvera facilement sa place sur les murs de la chambre de votre enfant. Il est en coton, agr\u00e9ment\u00e9 de jolis rubans et dentelle.<\/p>\n","protected":false},"featured_media":1605,"comment_status":"open","ping_status":"closed","template":"","meta":[],"product_brand":[],"product_cat":[25],"product_tag":[],"class_list":{"0":"post-1623","1":"product","2":"type-product","3":"status-publish","4":"has-post-thumbnail","6":"product_cat-decoration-chambre","8":"first","9":"instock","10":"shipping-taxable","11":"purchasable","12":"product-type-simple"},"jetpack_sharing_enabled":true,"_links":{"self":[{"href":"https:\/\/www.cout-hur.com\/index.php?rest_route=\/wp\/v2\/product\/1623","targetHints":{"allow":["GET"]}}],"collection":[{"href":"https:\/\/www.cout-hur.com\/index.php?rest_route=\/wp\/v2\/product"}],"about":[{"href":"https:\/\/www.cout-hur.com\/index.php?rest_route=\/wp\/v2\/types\/product"}],"replies":[{"embeddable":true,"href":"https:\/\/www.cout-hur.com\/index.php?rest_route=%2Fwp%2Fv2%2Fcomments&post=1623"}],"wp:featuredmedia":[{"embeddable":true,"href":"https:\/\/www.cout-hur.com\/index.php?rest_route=\/wp\/v2\/media\/1605"}],"wp:attachment":[{"href":"https:\/\/www.cout-hur.com\/index.php?rest_route=%2Fwp%2Fv2%2Fmedia&parent=1623"}],"wp:term":[{"taxonomy":"product_brand","embeddable":true,"href":"https:\/\/www.cout-hur.com\/index.php?rest_route=%2Fwp%2Fv2%2Fproduct_brand&post=1623"},{"taxonomy":"product_cat","embeddable":true,"href":"https:\/\/www.cout-hur.com\/index.php?rest_route=%2Fwp%2Fv2%2Fproduct_cat&post=1623"},{"taxonomy":"product_tag","embeddable":true,"href":"https:\/\/www.cout-hur.com\/index.php?rest_route=%2Fwp%2Fv2%2Fproduct_tag&post=1623"}],"curies":[{"name":"wp","href":"https:\/\/api.w.org\/{rel}","templated":true}]}}