{"id":1540,"date":"2020-10-27T11:54:24","date_gmt":"2020-10-27T10:54:24","guid":{"rendered":"http:\/\/fcimmap.cluster030.hosting.ovh.net\/?post_type=product&#038;p=1540"},"modified":"2026-04-17T17:35:15","modified_gmt":"2026-04-17T15:35:15","slug":"chouchou-pour-cheveux-double-gaze-2","status":"publish","type":"product","link":"https:\/\/www.cout-hur.com\/?product=chouchou-pour-cheveux-double-gaze-2","title":{"rendered":"Chouchou pour cheveux en coton"},"content":{"rendered":"<p>Chouchou pour cheveux en coton \u00e0 motifs.<\/p>\n<p>Le chouchou revient en force cette ann\u00e9e ! Un accessoire des ann\u00e9es 80 mais cousu dans des tissus modernes.<\/p>\n<p>Vous pourrez vous attacher les cheveux avec ou simplement le porter au poignet.<\/p>\n<p>Il maintient bien les cheveux sans les casser, contrairement aux \u00e9lastiques classiques. Les tissus sont choisis avec soin pour ne pas abimer vos cheveux et r\u00e9sister aux multiples utilisations.<\/p>\n<p>Taille unique.<\/p>\n","protected":false},"excerpt":{"rendered":"<p>Chouchou pour cheveux en coton \u00e0 motifs. Le chouchou revient en force cette ann\u00e9e ! Un accessoire des ann\u00e9es 80 mais cousu dans des tissus modernes. Vous pourrez vous attacher les cheveux avec ou simplement le porter au poignet. Il maintient bien les cheveux sans les casser, contrairement aux \u00e9lastiques classiques. Les tissus sont choisis [&hellip;]<\/p>\n","protected":false},"featured_media":4548,"comment_status":"open","ping_status":"closed","template":"","meta":[],"product_brand":[],"product_cat":[85],"product_tag":[],"class_list":{"0":"post-1540","1":"product","2":"type-product","3":"status-publish","4":"has-post-thumbnail","6":"product_cat-accessoires","8":"first","9":"instock","10":"shipping-taxable","11":"purchasable","12":"product-type-variable"},"jetpack_sharing_enabled":true,"_links":{"self":[{"href":"https:\/\/www.cout-hur.com\/index.php?rest_route=\/wp\/v2\/product\/1540","targetHints":{"allow":["GET"]}}],"collection":[{"href":"https:\/\/www.cout-hur.com\/index.php?rest_route=\/wp\/v2\/product"}],"about":[{"href":"https:\/\/www.cout-hur.com\/index.php?rest_route=\/wp\/v2\/types\/product"}],"replies":[{"embeddable":true,"href":"https:\/\/www.cout-hur.com\/index.php?rest_route=%2Fwp%2Fv2%2Fcomments&post=1540"}],"wp:featuredmedia":[{"embeddable":true,"href":"https:\/\/www.cout-hur.com\/index.php?rest_route=\/wp\/v2\/media\/4548"}],"wp:attachment":[{"href":"https:\/\/www.cout-hur.com\/index.php?rest_route=%2Fwp%2Fv2%2Fmedia&parent=1540"}],"wp:term":[{"taxonomy":"product_brand","embeddable":true,"href":"https:\/\/www.cout-hur.com\/index.php?rest_route=%2Fwp%2Fv2%2Fproduct_brand&post=1540"},{"taxonomy":"product_cat","embeddable":true,"href":"https:\/\/www.cout-hur.com\/index.php?rest_route=%2Fwp%2Fv2%2Fproduct_cat&post=1540"},{"taxonomy":"product_tag","embeddable":true,"href":"https:\/\/www.cout-hur.com\/index.php?rest_route=%2Fwp%2Fv2%2Fproduct_tag&post=1540"}],"curies":[{"name":"wp","href":"https:\/\/api.w.org\/{rel}","templated":true}]}}