{"id":1329,"date":"2020-10-25T22:11:35","date_gmt":"2020-10-25T21:11:35","guid":{"rendered":"http:\/\/fcimmap.cluster030.hosting.ovh.net\/?post_type=product&#038;p=1329"},"modified":"2021-08-18T23:02:08","modified_gmt":"2021-08-18T21:02:08","slug":"snood-tour-de-cou-pour-enfant-et-adulte-10","status":"publish","type":"product","link":"https:\/\/www.cout-hur.com\/?product=snood-tour-de-cou-pour-enfant-et-adulte-10","title":{"rendered":"Snood tour de cou pour enfant et adulte"},"content":{"rendered":"<p>L&#8217;hiver arrive ! Couvrez vous vite !!!<\/p>\n<p>Un <a href=\"https:\/\/www.cout-hur.com\/?product_cat=snood\">tour de cou<\/a> pour avoir bien chaud et ne pas tomber malade quand le froid est l\u00e0. C&#8217;est tellement plus pratique qu&#8217;une \u00e9charpe !<\/p>\n<p>Et ceux l\u00e0 sont doubl\u00e9s en tissu sherpa incroyablement doux !<\/p>\n<p>Ils sont en tissus extensibles pour \u00eatre plus faciles \u00e0 enfiler et tr\u00e8s confortables.<\/p>\n<p>Mod\u00e8le pour enfant \u00e0 partir de 6 ans et adulte.<\/p>\n","protected":false},"excerpt":{"rendered":"<p>Snood tour de cou pour enfant et adulte &#8211; Renards cuivr\u00e9s<\/p>\n","protected":false},"featured_media":1330,"comment_status":"open","ping_status":"closed","template":"","meta":[],"product_brand":[],"product_cat":[30],"product_tag":[143,167,168],"class_list":{"0":"post-1329","1":"product","2":"type-product","3":"status-publish","4":"has-post-thumbnail","6":"product_cat-snood","7":"product_tag-coton","8":"product_tag-fourrure","9":"product_tag-sherpa","11":"first","12":"outofstock","13":"shipping-taxable","14":"purchasable","15":"product-type-simple"},"jetpack_sharing_enabled":true,"_links":{"self":[{"href":"https:\/\/www.cout-hur.com\/index.php?rest_route=\/wp\/v2\/product\/1329","targetHints":{"allow":["GET"]}}],"collection":[{"href":"https:\/\/www.cout-hur.com\/index.php?rest_route=\/wp\/v2\/product"}],"about":[{"href":"https:\/\/www.cout-hur.com\/index.php?rest_route=\/wp\/v2\/types\/product"}],"replies":[{"embeddable":true,"href":"https:\/\/www.cout-hur.com\/index.php?rest_route=%2Fwp%2Fv2%2Fcomments&post=1329"}],"wp:featuredmedia":[{"embeddable":true,"href":"https:\/\/www.cout-hur.com\/index.php?rest_route=\/wp\/v2\/media\/1330"}],"wp:attachment":[{"href":"https:\/\/www.cout-hur.com\/index.php?rest_route=%2Fwp%2Fv2%2Fmedia&parent=1329"}],"wp:term":[{"taxonomy":"product_brand","embeddable":true,"href":"https:\/\/www.cout-hur.com\/index.php?rest_route=%2Fwp%2Fv2%2Fproduct_brand&post=1329"},{"taxonomy":"product_cat","embeddable":true,"href":"https:\/\/www.cout-hur.com\/index.php?rest_route=%2Fwp%2Fv2%2Fproduct_cat&post=1329"},{"taxonomy":"product_tag","embeddable":true,"href":"https:\/\/www.cout-hur.com\/index.php?rest_route=%2Fwp%2Fv2%2Fproduct_tag&post=1329"}],"curies":[{"name":"wp","href":"https:\/\/api.w.org\/{rel}","templated":true}]}}