{"id":1216,"date":"2020-10-25T18:56:03","date_gmt":"2020-10-25T17:56:03","guid":{"rendered":"http:\/\/fcimmap.cluster030.hosting.ovh.net\/?post_type=product&#038;p=1216"},"modified":"2025-11-21T15:12:10","modified_gmt":"2025-11-21T14:12:10","slug":"ronds-de-serviette-en-tissu-personnalisables-2","status":"publish","type":"product","link":"https:\/\/www.cout-hur.com\/?product=ronds-de-serviette-en-tissu-personnalisables-2","title":{"rendered":"Ronds de serviette en tissu personnalisables"},"content":{"rendered":"<p>Jolis petit ronds de serviette en tissu coton personnalisables pour identifier vos serviettes de table facilement.<\/p>\n<p>Faire un geste pour l&#8217;environnement oui mais avec style !<\/p>\n<p>Les ronds de serviette sont cousus \u00e0 la main. Ils sont personnalisables avec du flex thermocollant noir (pas de broderie). Il suffit de m&#8217;indiquer le texte que vous souhaitez sur chaque pi\u00e8ce.<\/p>\n<p>Ils se ferment avec un pression en plastique assortie.<\/p>\n<p>Pour une plus grande ou plus petite quantit\u00e9 n&#8217;h\u00e9sitez pas \u00e0 me contacter.<br \/>\nMerci d&#8217;indiquer les textes de personnalisation dans la rubrique &#8220;Notes de commande&#8221; lors de la validation de votre commande.<\/p>\n","protected":false},"excerpt":{"rendered":"<p>Jolis petit ronds de serviette en tissu coton personnalisables pour identifier vos serviettes de table facilement. Faire un geste pour l&#8217;environnement oui mais avec style ! Les ronds de serviette sont cousus \u00e0 la main. Ils sont personnalisables avec du flex thermocollant noir (pas de broderie). Il suffit de m&#8217;indiquer le texte que vous souhaitez [&hellip;]<\/p>\n","protected":false},"featured_media":1224,"comment_status":"open","ping_status":"closed","template":"","meta":[],"product_brand":[],"product_cat":[21],"product_tag":[],"class_list":{"0":"post-1216","1":"product","2":"type-product","3":"status-publish","4":"has-post-thumbnail","6":"product_cat-ronds-de-serviette","7":"wcpa_has_options","9":"first","10":"instock","11":"shipping-taxable","12":"purchasable","13":"product-type-variable"},"jetpack_sharing_enabled":true,"_links":{"self":[{"href":"https:\/\/www.cout-hur.com\/index.php?rest_route=\/wp\/v2\/product\/1216","targetHints":{"allow":["GET"]}}],"collection":[{"href":"https:\/\/www.cout-hur.com\/index.php?rest_route=\/wp\/v2\/product"}],"about":[{"href":"https:\/\/www.cout-hur.com\/index.php?rest_route=\/wp\/v2\/types\/product"}],"replies":[{"embeddable":true,"href":"https:\/\/www.cout-hur.com\/index.php?rest_route=%2Fwp%2Fv2%2Fcomments&post=1216"}],"wp:featuredmedia":[{"embeddable":true,"href":"https:\/\/www.cout-hur.com\/index.php?rest_route=\/wp\/v2\/media\/1224"}],"wp:attachment":[{"href":"https:\/\/www.cout-hur.com\/index.php?rest_route=%2Fwp%2Fv2%2Fmedia&parent=1216"}],"wp:term":[{"taxonomy":"product_brand","embeddable":true,"href":"https:\/\/www.cout-hur.com\/index.php?rest_route=%2Fwp%2Fv2%2Fproduct_brand&post=1216"},{"taxonomy":"product_cat","embeddable":true,"href":"https:\/\/www.cout-hur.com\/index.php?rest_route=%2Fwp%2Fv2%2Fproduct_cat&post=1216"},{"taxonomy":"product_tag","embeddable":true,"href":"https:\/\/www.cout-hur.com\/index.php?rest_route=%2Fwp%2Fv2%2Fproduct_tag&post=1216"}],"curies":[{"name":"wp","href":"https:\/\/api.w.org\/{rel}","templated":true}]}}