{"id":1122,"date":"2020-10-25T16:24:26","date_gmt":"2020-10-25T15:24:26","guid":{"rendered":"http:\/\/fcimmap.cluster030.hosting.ovh.net\/?post_type=product&#038;p=1122"},"modified":"2026-04-17T17:38:12","modified_gmt":"2026-04-17T15:38:12","slug":"chouchou-pour-cheveux-double-gaze","status":"publish","type":"product","link":"https:\/\/www.cout-hur.com\/?product=chouchou-pour-cheveux-double-gaze","title":{"rendered":"Chouchou pour cheveux double gaze"},"content":{"rendered":"<p>Le chouchou revient en force cette ann\u00e9e ! Un accessoire des ann\u00e9es 80 mais cousu dans des tissus modernes.<\/p>\n<p>Vous avez le choix entre diff\u00e9rents coloris en double gaze \u00e0 motifs en relief.<\/p>\n<p>Vous pourrez vous attacher les cheveux avec ou simplement le porter au poignet.<\/p>\n<p>Il maintient bien les cheveux sans les casser, contrairement aux \u00e9lastiques classiques.<\/p>\n<p>Taille unique.<\/p>\n","protected":false},"excerpt":{"rendered":"<p>Le chouchou revient en force cette ann\u00e9e ! Un accessoire des ann\u00e9es 80 mais cousu dans des tissus modernes. Vous avez le choix entre diff\u00e9rents coloris en double gaze \u00e0 motifs en relief. Vous pourrez vous attacher les cheveux avec ou simplement le porter au poignet. Il maintient bien les cheveux sans les casser, contrairement [&hellip;]<\/p>\n","protected":false},"featured_media":1130,"comment_status":"open","ping_status":"closed","template":"","meta":[],"product_brand":[],"product_cat":[85],"product_tag":[],"class_list":{"0":"post-1122","1":"product","2":"type-product","3":"status-publish","4":"has-post-thumbnail","6":"product_cat-accessoires","8":"first","9":"instock","10":"shipping-taxable","11":"purchasable","12":"product-type-variable"},"jetpack_sharing_enabled":true,"_links":{"self":[{"href":"https:\/\/www.cout-hur.com\/index.php?rest_route=\/wp\/v2\/product\/1122","targetHints":{"allow":["GET"]}}],"collection":[{"href":"https:\/\/www.cout-hur.com\/index.php?rest_route=\/wp\/v2\/product"}],"about":[{"href":"https:\/\/www.cout-hur.com\/index.php?rest_route=\/wp\/v2\/types\/product"}],"replies":[{"embeddable":true,"href":"https:\/\/www.cout-hur.com\/index.php?rest_route=%2Fwp%2Fv2%2Fcomments&post=1122"}],"wp:featuredmedia":[{"embeddable":true,"href":"https:\/\/www.cout-hur.com\/index.php?rest_route=\/wp\/v2\/media\/1130"}],"wp:attachment":[{"href":"https:\/\/www.cout-hur.com\/index.php?rest_route=%2Fwp%2Fv2%2Fmedia&parent=1122"}],"wp:term":[{"taxonomy":"product_brand","embeddable":true,"href":"https:\/\/www.cout-hur.com\/index.php?rest_route=%2Fwp%2Fv2%2Fproduct_brand&post=1122"},{"taxonomy":"product_cat","embeddable":true,"href":"https:\/\/www.cout-hur.com\/index.php?rest_route=%2Fwp%2Fv2%2Fproduct_cat&post=1122"},{"taxonomy":"product_tag","embeddable":true,"href":"https:\/\/www.cout-hur.com\/index.php?rest_route=%2Fwp%2Fv2%2Fproduct_tag&post=1122"}],"curies":[{"name":"wp","href":"https:\/\/api.w.org\/{rel}","templated":true}]}}